{"id":2735,"date":"2021-08-30T12:30:20","date_gmt":"2021-08-30T12:30:20","guid":{"rendered":"https:\/\/kriunes.is\/?page_id=2735"},"modified":"2023-10-12T22:04:17","modified_gmt":"2023-10-12T22:04:17","slug":"https-kriunes-is-https-kriunes-is-heidmork-and-ellidavatn","status":"publish","type":"page","link":"https:\/\/kriunes.is\/en\/https-kriunes-is-https-kriunes-is-heidmork-and-ellidavatn\/","title":{"rendered":"Hike and explore Heidmork and Ellidavatn"},"content":{"rendered":"\t\t<div data-elementor-type=\"wp-page\" data-elementor-id=\"2735\" class=\"elementor elementor-2735\" data-elementor-post-type=\"page\">\n\t\t\t\t\t\t<section class=\"elementor-section elementor-top-section elementor-element elementor-element-1703f293 elementor-section-height-min-height elementor-section-full_width elementor-section-height-default elementor-section-items-middle\" data-id=\"1703f293\" data-element_type=\"section\" data-e-type=\"section\" data-settings=\"{&quot;background_background&quot;:&quot;classic&quot;,&quot;background_motion_fx_motion_fx_scrolling&quot;:&quot;yes&quot;,&quot;background_motion_fx_translateY_effect&quot;:&quot;yes&quot;,&quot;background_motion_fx_translateY_speed&quot;:{&quot;unit&quot;:&quot;px&quot;,&quot;size&quot;:4,&quot;sizes&quot;:[]},&quot;background_motion_fx_translateY_affectedRange&quot;:{&quot;unit&quot;:&quot;%&quot;,&quot;size&quot;:&quot;&quot;,&quot;sizes&quot;:{&quot;start&quot;:0,&quot;end&quot;:100}},&quot;background_motion_fx_devices&quot;:[&quot;desktop&quot;,&quot;tablet&quot;,&quot;mobile&quot;]}\">\n\t\t\t\t\t\t\t<div class=\"elementor-background-overlay\"><\/div>\n\t\t\t\t\t\t\t<div class=\"elementor-container elementor-column-gap-default\">\n\t\t\t\t\t<div class=\"elementor-column elementor-col-100 elementor-top-column elementor-element elementor-element-5d8ceac3\" data-id=\"5d8ceac3\" data-element_type=\"column\" data-e-type=\"column\">\n\t\t\t<div class=\"elementor-widget-wrap elementor-element-populated\">\n\t\t\t\t\t\t<section class=\"elementor-section elementor-inner-section elementor-element elementor-element-1deb5511 elementor-section-boxed elementor-section-height-default elementor-section-height-default\" data-id=\"1deb5511\" data-element_type=\"section\" data-e-type=\"section\">\n\t\t\t\t\t\t<div class=\"elementor-container elementor-column-gap-default\">\n\t\t\t\t\t<div class=\"elementor-column elementor-col-100 elementor-inner-column elementor-element elementor-element-65d111c9\" data-id=\"65d111c9\" data-element_type=\"column\" data-e-type=\"column\">\n\t\t\t<div class=\"elementor-widget-wrap elementor-element-populated\">\n\t\t\t\t\t\t\t<\/div>\n\t\t<\/div>\n\t\t\t\t\t<\/div>\n\t\t<\/section>\n\t\t\t\t\t<\/div>\n\t\t<\/div>\n\t\t\t\t\t<\/div>\n\t\t<\/section>\n\t\t\t\t<section class=\"elementor-section elementor-top-section elementor-element elementor-element-1f190a38 elementor-section-boxed elementor-section-height-default elementor-section-height-default\" data-id=\"1f190a38\" data-element_type=\"section\" data-e-type=\"section\">\n\t\t\t\t\t\t<div class=\"elementor-container elementor-column-gap-default\">\n\t\t\t\t\t<div class=\"elementor-column elementor-col-100 elementor-top-column elementor-element elementor-element-e7d7086\" data-id=\"e7d7086\" data-element_type=\"column\" data-e-type=\"column\">\n\t\t\t<div class=\"elementor-widget-wrap elementor-element-populated\">\n\t\t\t\t\t\t<section class=\"elementor-section elementor-inner-section elementor-element elementor-element-222d9a00 elementor-section-boxed elementor-section-height-default elementor-section-height-default\" data-id=\"222d9a00\" data-element_type=\"section\" data-e-type=\"section\" data-settings=\"{&quot;background_background&quot;:&quot;classic&quot;}\">\n\t\t\t\t\t\t<div class=\"elementor-container elementor-column-gap-default\">\n\t\t\t\t\t<div class=\"elementor-column elementor-col-100 elementor-inner-column elementor-element elementor-element-40297020 animated-slow elementor-invisible\" data-id=\"40297020\" data-element_type=\"column\" data-e-type=\"column\" data-settings=\"{&quot;animation&quot;:&quot;fadeInUp&quot;}\">\n\t\t\t<div class=\"elementor-widget-wrap elementor-element-populated\">\n\t\t\t\t\t\t<div class=\"elementor-element elementor-element-6d7ea39 elementor-widget elementor-widget-heading\" data-id=\"6d7ea39\" data-element_type=\"widget\" data-e-type=\"widget\" data-widget_type=\"heading.default\">\n\t\t\t\t\t<h2 class=\"elementor-heading-title elementor-size-default\">Hei\u00f0m\u00f6rk - Outdoor recreation area<\/h2>\t\t\t\t<\/div>\n\t\t\t\t<div class=\"elementor-element elementor-element-4faf3e47 elementor-widget elementor-widget-text-editor\" data-id=\"4faf3e47\" data-element_type=\"widget\" data-e-type=\"widget\" data-widget_type=\"text-editor.default\">\n\t\t\t\t\t\t\t\t\t<p>Hei\u00f0m\u00f6rk is a very popular outdoor recreation area in the capital area which is not far from hotel Kriunes and is about 3200 hectares of unspoiled land. Nearly a third of Hei\u00f0m\u00f6rk is woodland and has a diverse wildlife. In Hei\u00f0m\u00f6rk there are \u00a0many hiking-, horse riding- and cycling trails and facilities for barbecues and picnics and play areas, something for everyone. Great place to enjoy the nature and peacefulness.\u00a0<\/p>\t\t\t\t\t\t\t\t<\/div>\n\t\t\t\t\t<\/div>\n\t\t<\/div>\n\t\t\t\t\t<\/div>\n\t\t<\/section>\n\t\t\t\t<div class=\"elementor-element elementor-element-0d309e5 elementor-widget elementor-widget-gallery\" data-id=\"0d309e5\" data-element_type=\"widget\" data-e-type=\"widget\" data-settings=\"{&quot;columns&quot;:3,&quot;lazyload&quot;:&quot;yes&quot;,&quot;gallery_layout&quot;:&quot;grid&quot;,&quot;columns_tablet&quot;:2,&quot;columns_mobile&quot;:1,&quot;gap&quot;:{&quot;unit&quot;:&quot;px&quot;,&quot;size&quot;:10,&quot;sizes&quot;:[]},&quot;gap_tablet&quot;:{&quot;unit&quot;:&quot;px&quot;,&quot;size&quot;:10,&quot;sizes&quot;:[]},&quot;gap_mobile&quot;:{&quot;unit&quot;:&quot;px&quot;,&quot;size&quot;:10,&quot;sizes&quot;:[]},&quot;link_to&quot;:&quot;file&quot;,&quot;aspect_ratio&quot;:&quot;3:2&quot;,&quot;overlay_background&quot;:&quot;yes&quot;,&quot;content_hover_animation&quot;:&quot;fade-in&quot;}\" data-widget_type=\"gallery.default\">\n\t\t\t\t\t\t\t<div class=\"elementor-gallery__container\">\n\t\t\t\t\t\t\t<a class=\"e-gallery-item elementor-gallery-item elementor-animated-content\" href=\"https:\/\/kriunes.is\/wp-content\/uploads\/2021\/09\/Raudho\u0301lar_5.jpeg\" data-elementor-open-lightbox=\"yes\" data-elementor-lightbox-slideshow=\"0d309e5\" data-elementor-lightbox-title=\"Rau\u00f0ho\u0301lar_(5)\" data-e-action-hash=\"#elementor-action%3Aaction%3Dlightbox%26settings%3DeyJpZCI6MzYxMCwidXJsIjoiaHR0cHM6XC9cL2tyaXVuZXMuaXNcL3dwLWNvbnRlbnRcL3VwbG9hZHNcLzIwMjFcLzA5XC9SYXVkaG9cdTAzMDFsYXJfNS5qcGVnIiwic2xpZGVzaG93IjoiMGQzMDllNSJ9\">\n\t\t\t\t\t<div class=\"e-gallery-image elementor-gallery-item__image\" data-thumbnail=\"https:\/\/kriunes.is\/wp-content\/uploads\/2021\/09\/Raudho\u0301lar_5-300x225.jpeg\" data-width=\"300\" data-height=\"225\" aria-label=\"\" role=\"img\" ><\/div>\n\t\t\t\t\t\t\t\t\t\t\t<div class=\"elementor-gallery-item__overlay\"><\/div>\n\t\t\t\t\t\t\t\t\t\t\t\t\t\t<\/a>\n\t\t\t\t\t\t\t<a class=\"e-gallery-item elementor-gallery-item elementor-animated-content\" href=\"https:\/\/kriunes.is\/wp-content\/uploads\/2021\/09\/Heidmo\u0308rk_040-e1631552717405.jpeg\" data-elementor-open-lightbox=\"yes\" data-elementor-lightbox-slideshow=\"0d309e5\" data-elementor-lightbox-title=\"Hei\u00f0mo\u0308rk_040\" data-e-action-hash=\"#elementor-action%3Aaction%3Dlightbox%26settings%3DeyJpZCI6MzYxMiwidXJsIjoiaHR0cHM6XC9cL2tyaXVuZXMuaXNcL3dwLWNvbnRlbnRcL3VwbG9hZHNcLzIwMjFcLzA5XC9IZWlkbW9cdTAzMDhya18wNDAtZTE2MzE1NTI3MTc0MDUuanBlZyIsInNsaWRlc2hvdyI6IjBkMzA5ZTUifQ%3D%3D\">\n\t\t\t\t\t<div class=\"e-gallery-image elementor-gallery-item__image\" data-thumbnail=\"https:\/\/kriunes.is\/wp-content\/uploads\/2021\/09\/Heidmo\u0308rk_040-300x225.jpeg\" data-width=\"300\" data-height=\"225\" aria-label=\"\" role=\"img\" ><\/div>\n\t\t\t\t\t\t\t\t\t\t\t<div class=\"elementor-gallery-item__overlay\"><\/div>\n\t\t\t\t\t\t\t\t\t\t\t\t\t\t<\/a>\n\t\t\t\t\t\t\t<a class=\"e-gallery-item elementor-gallery-item elementor-animated-content\" href=\"https:\/\/kriunes.is\/wp-content\/uploads\/2021\/09\/Heidmork_44-e1631552697153.jpeg\" data-elementor-open-lightbox=\"yes\" data-elementor-lightbox-slideshow=\"0d309e5\" data-elementor-lightbox-title=\"Heidmork_(44)\" data-e-action-hash=\"#elementor-action%3Aaction%3Dlightbox%26settings%3DeyJpZCI6MzYwOCwidXJsIjoiaHR0cHM6XC9cL2tyaXVuZXMuaXNcL3dwLWNvbnRlbnRcL3VwbG9hZHNcLzIwMjFcLzA5XC9IZWlkbW9ya180NC1lMTYzMTU1MjY5NzE1My5qcGVnIiwic2xpZGVzaG93IjoiMGQzMDllNSJ9\">\n\t\t\t\t\t<div class=\"e-gallery-image elementor-gallery-item__image\" data-thumbnail=\"https:\/\/kriunes.is\/wp-content\/uploads\/2021\/09\/Heidmork_44-300x225.jpeg\" data-width=\"300\" data-height=\"225\" aria-label=\"\" role=\"img\" ><\/div>\n\t\t\t\t\t\t\t\t\t\t\t<div class=\"elementor-gallery-item__overlay\"><\/div>\n\t\t\t\t\t\t\t\t\t\t\t\t\t\t<\/a>\n\t\t\t\t\t<\/div>\n\t\t\t\t\t<\/div>\n\t\t\t\t\t<\/div>\n\t\t<\/div>\n\t\t\t\t\t<\/div>\n\t\t<\/section>\n\t\t\t\t<section class=\"elementor-section elementor-top-section elementor-element elementor-element-ffa7258 elementor-section-boxed elementor-section-height-default elementor-section-height-default\" data-id=\"ffa7258\" data-element_type=\"section\" data-e-type=\"section\">\n\t\t\t\t\t\t<div class=\"elementor-container elementor-column-gap-default\">\n\t\t\t\t\t<div class=\"elementor-column elementor-col-100 elementor-top-column elementor-element elementor-element-14e9018\" data-id=\"14e9018\" data-element_type=\"column\" data-e-type=\"column\">\n\t\t\t<div class=\"elementor-widget-wrap elementor-element-populated\">\n\t\t\t\t\t\t<section class=\"elementor-section elementor-inner-section elementor-element elementor-element-10d557f elementor-section-boxed elementor-section-height-default elementor-section-height-default\" data-id=\"10d557f\" data-element_type=\"section\" data-e-type=\"section\" data-settings=\"{&quot;background_background&quot;:&quot;classic&quot;}\">\n\t\t\t\t\t\t<div class=\"elementor-container elementor-column-gap-default\">\n\t\t\t\t\t<div class=\"elementor-column elementor-col-100 elementor-inner-column elementor-element elementor-element-c76f418 animated-slow elementor-invisible\" data-id=\"c76f418\" data-element_type=\"column\" data-e-type=\"column\" data-settings=\"{&quot;animation&quot;:&quot;fadeInUp&quot;}\">\n\t\t\t<div class=\"elementor-widget-wrap elementor-element-populated\">\n\t\t\t\t\t\t<div class=\"elementor-element elementor-element-7696614 elementor-widget elementor-widget-heading\" data-id=\"7696614\" data-element_type=\"widget\" data-e-type=\"widget\" data-widget_type=\"heading.default\">\n\t\t\t\t\t<h2 class=\"elementor-heading-title elementor-size-default\">Elli\u00f0alake and Elli\u00f0ariver<\/h2>\t\t\t\t<\/div>\n\t\t\t\t<div class=\"elementor-element elementor-element-9778344 elementor-widget elementor-widget-text-editor\" data-id=\"9778344\" data-element_type=\"widget\" data-e-type=\"widget\" data-widget_type=\"text-editor.default\">\n\t\t\t\t\t\t\t\t\t<p>Hotel Kr\u00edunes lies on the shores of Lake Elli\u00f0avatn and the lake rests on the border of Reykjav\u00edk and K\u00f3pavogur. The main outflow of the water is Elli\u00f0a\u00e1. Both the lake and the river are popular areas for fishing for salmon, char and trout. Which is quite unique and rare to be able to go angling in the middle of the capital area. If you stay at the hotel during the fishing season, you can sometimes see anglers fishing on the shores of the lake.<\/p>\t\t\t\t\t\t\t\t<\/div>\n\t\t\t\t\t<\/div>\n\t\t<\/div>\n\t\t\t\t\t<\/div>\n\t\t<\/section>\n\t\t\t\t\t<\/div>\n\t\t<\/div>\n\t\t\t\t\t<\/div>\n\t\t<\/section>\n\t\t\t\t<section class=\"elementor-section elementor-top-section elementor-element elementor-element-9f40542 elementor-section-boxed elementor-section-height-default elementor-section-height-default\" data-id=\"9f40542\" data-element_type=\"section\" data-e-type=\"section\">\n\t\t\t\t\t\t<div class=\"elementor-container elementor-column-gap-default\">\n\t\t\t\t\t<div class=\"elementor-column elementor-col-100 elementor-top-column elementor-element elementor-element-bd11fce\" data-id=\"bd11fce\" data-element_type=\"column\" data-e-type=\"column\">\n\t\t\t<div class=\"elementor-widget-wrap elementor-element-populated\">\n\t\t\t\t\t\t<div class=\"elementor-element elementor-element-df2043f elementor-widget elementor-widget-gallery\" data-id=\"df2043f\" data-element_type=\"widget\" data-e-type=\"widget\" data-settings=\"{&quot;columns&quot;:3,&quot;lazyload&quot;:&quot;yes&quot;,&quot;gallery_layout&quot;:&quot;grid&quot;,&quot;columns_tablet&quot;:2,&quot;columns_mobile&quot;:1,&quot;gap&quot;:{&quot;unit&quot;:&quot;px&quot;,&quot;size&quot;:10,&quot;sizes&quot;:[]},&quot;gap_tablet&quot;:{&quot;unit&quot;:&quot;px&quot;,&quot;size&quot;:10,&quot;sizes&quot;:[]},&quot;gap_mobile&quot;:{&quot;unit&quot;:&quot;px&quot;,&quot;size&quot;:10,&quot;sizes&quot;:[]},&quot;link_to&quot;:&quot;file&quot;,&quot;aspect_ratio&quot;:&quot;3:2&quot;,&quot;overlay_background&quot;:&quot;yes&quot;,&quot;content_hover_animation&quot;:&quot;fade-in&quot;}\" data-widget_type=\"gallery.default\">\n\t\t\t\t\t\t\t<div class=\"elementor-gallery__container\">\n\t\t\t\t\t\t\t<a class=\"e-gallery-item elementor-gallery-item elementor-animated-content\" href=\"https:\/\/kriunes.is\/wp-content\/uploads\/2021\/09\/Ellidaa\u0301r1.jpeg\" data-elementor-open-lightbox=\"yes\" data-elementor-lightbox-slideshow=\"df2043f\" data-elementor-lightbox-title=\"Elli\u00f0aa\u0301r1\" data-e-action-hash=\"#elementor-action%3Aaction%3Dlightbox%26settings%3DeyJpZCI6MzYyMCwidXJsIjoiaHR0cHM6XC9cL2tyaXVuZXMuaXNcL3dwLWNvbnRlbnRcL3VwbG9hZHNcLzIwMjFcLzA5XC9FbGxpZGFhXHUwMzAxcjEuanBlZyIsInNsaWRlc2hvdyI6ImRmMjA0M2YifQ%3D%3D\">\n\t\t\t\t\t<div class=\"e-gallery-image elementor-gallery-item__image\" data-thumbnail=\"https:\/\/kriunes.is\/wp-content\/uploads\/2021\/09\/Ellidaa\u0301r1.jpeg\" data-width=\"290\" data-height=\"174\" aria-label=\"\" role=\"img\" ><\/div>\n\t\t\t\t\t\t\t\t\t\t\t<div class=\"elementor-gallery-item__overlay\"><\/div>\n\t\t\t\t\t\t\t\t\t\t\t\t\t\t<\/a>\n\t\t\t\t\t\t\t<a class=\"e-gallery-item elementor-gallery-item elementor-animated-content\" href=\"https:\/\/kriunes.is\/wp-content\/uploads\/2021\/09\/Ellidaar.jpeg\" data-elementor-open-lightbox=\"yes\" data-elementor-lightbox-slideshow=\"df2043f\" data-elementor-lightbox-title=\"Ellidaar\" data-e-action-hash=\"#elementor-action%3Aaction%3Dlightbox%26settings%3DeyJpZCI6MzYyMiwidXJsIjoiaHR0cHM6XC9cL2tyaXVuZXMuaXNcL3dwLWNvbnRlbnRcL3VwbG9hZHNcLzIwMjFcLzA5XC9FbGxpZGFhci5qcGVnIiwic2xpZGVzaG93IjoiZGYyMDQzZiJ9\">\n\t\t\t\t\t<div class=\"e-gallery-image elementor-gallery-item__image\" data-thumbnail=\"https:\/\/kriunes.is\/wp-content\/uploads\/2021\/09\/Ellidaar.jpeg\" data-width=\"259\" data-height=\"194\" aria-label=\"\" role=\"img\" ><\/div>\n\t\t\t\t\t\t\t\t\t\t\t<div class=\"elementor-gallery-item__overlay\"><\/div>\n\t\t\t\t\t\t\t\t\t\t\t\t\t\t<\/a>\n\t\t\t\t\t\t\t<a class=\"e-gallery-item elementor-gallery-item elementor-animated-content\" href=\"https:\/\/kriunes.is\/wp-content\/uploads\/2021\/09\/ellidavatn.jpeg\" data-elementor-open-lightbox=\"yes\" data-elementor-lightbox-slideshow=\"df2043f\" data-elementor-lightbox-title=\"ellidavatn\" data-e-action-hash=\"#elementor-action%3Aaction%3Dlightbox%26settings%3DeyJpZCI6MzYxOCwidXJsIjoiaHR0cHM6XC9cL2tyaXVuZXMuaXNcL3dwLWNvbnRlbnRcL3VwbG9hZHNcLzIwMjFcLzA5XC9lbGxpZGF2YXRuLmpwZWciLCJzbGlkZXNob3ciOiJkZjIwNDNmIn0%3D\">\n\t\t\t\t\t<div class=\"e-gallery-image elementor-gallery-item__image\" data-thumbnail=\"https:\/\/kriunes.is\/wp-content\/uploads\/2021\/09\/ellidavatn-300x200.jpeg\" data-width=\"300\" data-height=\"200\" aria-label=\"\" role=\"img\" ><\/div>\n\t\t\t\t\t\t\t\t\t\t\t<div class=\"elementor-gallery-item__overlay\"><\/div>\n\t\t\t\t\t\t\t\t\t\t\t\t\t\t<\/a>\n\t\t\t\t\t<\/div>\n\t\t\t\t\t<\/div>\n\t\t\t\t\t<\/div>\n\t\t<\/div>\n\t\t\t\t\t<\/div>\n\t\t<\/section>\n\t\t\t\t<section class=\"elementor-section elementor-top-section elementor-element elementor-element-e9a3072 elementor-section-boxed elementor-section-height-default elementor-section-height-default\" data-id=\"e9a3072\" data-element_type=\"section\" data-e-type=\"section\">\n\t\t\t\t\t\t<div class=\"elementor-container elementor-column-gap-default\">\n\t\t\t\t\t<div class=\"elementor-column elementor-col-100 elementor-top-column elementor-element elementor-element-8fbf661\" data-id=\"8fbf661\" data-element_type=\"column\" data-e-type=\"column\">\n\t\t\t<div class=\"elementor-widget-wrap elementor-element-populated\">\n\t\t\t\t\t\t<div class=\"elementor-element elementor-element-57cb686 elementor-widget elementor-widget-spacer\" data-id=\"57cb686\" data-element_type=\"widget\" data-e-type=\"widget\" data-widget_type=\"spacer.default\">\n\t\t\t\t\t\t\t<div class=\"elementor-spacer\">\n\t\t\t<div class=\"elementor-spacer-inner\"><\/div>\n\t\t<\/div>\n\t\t\t\t\t\t<\/div>\n\t\t\t\t\t<\/div>\n\t\t<\/div>\n\t\t\t\t\t<\/div>\n\t\t<\/section>\n\t\t\t\t<\/div>\n\t\t","protected":false},"excerpt":{"rendered":"<p>Hei\u00f0m\u00f6rk &#8211; Outdoor recreation area Hei\u00f0m\u00f6rk is a very popular outdoor recreation area in the capital area which is not far from hotel Kriunes and is about 3200 hectares of unspoiled land. Nearly a third of Hei\u00f0m\u00f6rk is woodland and has a diverse wildlife. In Hei\u00f0m\u00f6rk there are &nbsp;many hiking-, horse riding- and cycling trails [&hellip;]<\/p>\n","protected":false},"author":1,"featured_media":0,"parent":0,"menu_order":0,"comment_status":"closed","ping_status":"closed","template":"","meta":{"inline_featured_image":false,"footnotes":""},"class_list":["post-2735","page","type-page","status-publish","hentry"],"yoast_head":"<!-- This site is optimized with the Yoast SEO plugin v27.4 - https:\/\/yoast.com\/product\/yoast-seo-wordpress\/ -->\n<title>Hike and explore Heidmork and Ellidavatn - Kriunes<\/title>\n<meta name=\"robots\" content=\"index, follow, max-snippet:-1, max-image-preview:large, max-video-preview:-1\" \/>\n<link rel=\"canonical\" href=\"https:\/\/kriunes.is\/en\/https-kriunes-is-https-kriunes-is-heidmork-and-ellidavatn\/\" \/>\n<meta name=\"twitter:card\" content=\"summary_large_image\" \/>\n<meta name=\"twitter:title\" content=\"Hike and explore Heidmork and Ellidavatn - Kriunes\" \/>\n<meta name=\"twitter:description\" content=\"Hei\u00f0m\u00f6rk &#8211; Outdoor recreation area Hei\u00f0m\u00f6rk is a very popular outdoor recreation area in the capital area which is not far from hotel Kriunes and is about 3200 hectares of unspoiled land. Nearly a third of Hei\u00f0m\u00f6rk is woodland and has a diverse wildlife. In Hei\u00f0m\u00f6rk there are &nbsp;many hiking-, horse riding- and cycling trails [&hellip;]\" \/>\n<meta name=\"twitter:label1\" content=\"Est. reading time\" \/>\n\t<meta name=\"twitter:data1\" content=\"1 minute\" \/>\n<script type=\"application\/ld+json\" class=\"yoast-schema-graph\">{\"@context\":\"https:\\\/\\\/schema.org\",\"@graph\":[{\"@type\":\"WebPage\",\"@id\":\"https:\\\/\\\/kriunes.is\\\/en\\\/https-kriunes-is-https-kriunes-is-heidmork-and-ellidavatn\\\/\",\"url\":\"https:\\\/\\\/kriunes.is\\\/en\\\/https-kriunes-is-https-kriunes-is-heidmork-and-ellidavatn\\\/\",\"name\":\"Hike and explore Heidmork and Ellidavatn - Kriunes\",\"isPartOf\":{\"@id\":\"https:\\\/\\\/kriunes.is\\\/en\\\/#website\"},\"datePublished\":\"2021-08-30T12:30:20+00:00\",\"dateModified\":\"2023-10-12T22:04:17+00:00\",\"breadcrumb\":{\"@id\":\"https:\\\/\\\/kriunes.is\\\/en\\\/https-kriunes-is-https-kriunes-is-heidmork-and-ellidavatn\\\/#breadcrumb\"},\"inLanguage\":\"en-US\",\"potentialAction\":[{\"@type\":\"ReadAction\",\"target\":[\"https:\\\/\\\/kriunes.is\\\/en\\\/https-kriunes-is-https-kriunes-is-heidmork-and-ellidavatn\\\/\"]}]},{\"@type\":\"BreadcrumbList\",\"@id\":\"https:\\\/\\\/kriunes.is\\\/en\\\/https-kriunes-is-https-kriunes-is-heidmork-and-ellidavatn\\\/#breadcrumb\",\"itemListElement\":[{\"@type\":\"ListItem\",\"position\":1,\"name\":\"Home\",\"item\":\"https:\\\/\\\/kriunes.is\\\/en\\\/\"},{\"@type\":\"ListItem\",\"position\":2,\"name\":\"Hike and explore Heidmork and Ellidavatn\"}]},{\"@type\":\"WebSite\",\"@id\":\"https:\\\/\\\/kriunes.is\\\/en\\\/#website\",\"url\":\"https:\\\/\\\/kriunes.is\\\/en\\\/\",\"name\":\"Kriunes\",\"description\":\"Iceland\",\"potentialAction\":[{\"@type\":\"SearchAction\",\"target\":{\"@type\":\"EntryPoint\",\"urlTemplate\":\"https:\\\/\\\/kriunes.is\\\/en\\\/?s={search_term_string}\"},\"query-input\":{\"@type\":\"PropertyValueSpecification\",\"valueRequired\":true,\"valueName\":\"search_term_string\"}}],\"inLanguage\":\"en-US\"}]}<\/script>\n<!-- \/ Yoast SEO plugin. -->","yoast_head_json":{"title":"Hike and explore Heidmork and Ellidavatn - Kriunes","robots":{"index":"index","follow":"follow","max-snippet":"max-snippet:-1","max-image-preview":"max-image-preview:large","max-video-preview":"max-video-preview:-1"},"canonical":"https:\/\/kriunes.is\/en\/https-kriunes-is-https-kriunes-is-heidmork-and-ellidavatn\/","twitter_card":"summary_large_image","twitter_title":"Hike and explore Heidmork and Ellidavatn - Kriunes","twitter_description":"Hei\u00f0m\u00f6rk &#8211; Outdoor recreation area Hei\u00f0m\u00f6rk is a very popular outdoor recreation area in the capital area which is not far from hotel Kriunes and is about 3200 hectares of unspoiled land. Nearly a third of Hei\u00f0m\u00f6rk is woodland and has a diverse wildlife. In Hei\u00f0m\u00f6rk there are &nbsp;many hiking-, horse riding- and cycling trails [&hellip;]","twitter_misc":{"Est. reading time":"1 minute"},"schema":{"@context":"https:\/\/schema.org","@graph":[{"@type":"WebPage","@id":"https:\/\/kriunes.is\/en\/https-kriunes-is-https-kriunes-is-heidmork-and-ellidavatn\/","url":"https:\/\/kriunes.is\/en\/https-kriunes-is-https-kriunes-is-heidmork-and-ellidavatn\/","name":"Hike and explore Heidmork and Ellidavatn - Kriunes","isPartOf":{"@id":"https:\/\/kriunes.is\/en\/#website"},"datePublished":"2021-08-30T12:30:20+00:00","dateModified":"2023-10-12T22:04:17+00:00","breadcrumb":{"@id":"https:\/\/kriunes.is\/en\/https-kriunes-is-https-kriunes-is-heidmork-and-ellidavatn\/#breadcrumb"},"inLanguage":"en-US","potentialAction":[{"@type":"ReadAction","target":["https:\/\/kriunes.is\/en\/https-kriunes-is-https-kriunes-is-heidmork-and-ellidavatn\/"]}]},{"@type":"BreadcrumbList","@id":"https:\/\/kriunes.is\/en\/https-kriunes-is-https-kriunes-is-heidmork-and-ellidavatn\/#breadcrumb","itemListElement":[{"@type":"ListItem","position":1,"name":"Home","item":"https:\/\/kriunes.is\/en\/"},{"@type":"ListItem","position":2,"name":"Hike and explore Heidmork and Ellidavatn"}]},{"@type":"WebSite","@id":"https:\/\/kriunes.is\/en\/#website","url":"https:\/\/kriunes.is\/en\/","name":"Kriunes","description":"Iceland","potentialAction":[{"@type":"SearchAction","target":{"@type":"EntryPoint","urlTemplate":"https:\/\/kriunes.is\/en\/?s={search_term_string}"},"query-input":{"@type":"PropertyValueSpecification","valueRequired":true,"valueName":"search_term_string"}}],"inLanguage":"en-US"}]}},"_links":{"self":[{"href":"https:\/\/kriunes.is\/en\/wp-json\/wp\/v2\/pages\/2735","targetHints":{"allow":["GET"]}}],"collection":[{"href":"https:\/\/kriunes.is\/en\/wp-json\/wp\/v2\/pages"}],"about":[{"href":"https:\/\/kriunes.is\/en\/wp-json\/wp\/v2\/types\/page"}],"author":[{"embeddable":true,"href":"https:\/\/kriunes.is\/en\/wp-json\/wp\/v2\/users\/1"}],"replies":[{"embeddable":true,"href":"https:\/\/kriunes.is\/en\/wp-json\/wp\/v2\/comments?post=2735"}],"version-history":[{"count":46,"href":"https:\/\/kriunes.is\/en\/wp-json\/wp\/v2\/pages\/2735\/revisions"}],"predecessor-version":[{"id":5825,"href":"https:\/\/kriunes.is\/en\/wp-json\/wp\/v2\/pages\/2735\/revisions\/5825"}],"wp:attachment":[{"href":"https:\/\/kriunes.is\/en\/wp-json\/wp\/v2\/media?parent=2735"}],"curies":[{"name":"wp","href":"https:\/\/api.w.org\/{rel}","templated":true}]}}