{"id":3095,"date":"2021-09-02T09:12:18","date_gmt":"2021-09-02T09:12:18","guid":{"rendered":"https:\/\/kriunes.is\/?page_id=3095"},"modified":"2023-08-02T19:48:50","modified_gmt":"2023-08-02T19:48:50","slug":"location","status":"publish","type":"page","link":"https:\/\/kriunes.is\/en\/location\/","title":{"rendered":"Location"},"content":{"rendered":"\t\t<div data-elementor-type=\"wp-page\" data-elementor-id=\"3095\" class=\"elementor elementor-3095\" data-elementor-post-type=\"page\">\n\t\t\t\t\t\t<section class=\"elementor-section elementor-top-section elementor-element elementor-element-2d9faa2 elementor-section-height-min-height elementor-section-boxed elementor-section-height-default elementor-section-items-middle\" data-id=\"2d9faa2\" data-element_type=\"section\" data-e-type=\"section\" data-settings=\"{&quot;background_background&quot;:&quot;classic&quot;}\">\n\t\t\t\t\t\t\t<div class=\"elementor-background-overlay\"><\/div>\n\t\t\t\t\t\t\t<div class=\"elementor-container elementor-column-gap-default\">\n\t\t\t\t\t<div class=\"elementor-column elementor-col-100 elementor-top-column elementor-element elementor-element-2546e022\" data-id=\"2546e022\" data-element_type=\"column\" data-e-type=\"column\">\n\t\t\t<div class=\"elementor-widget-wrap elementor-element-populated\">\n\t\t\t\t\t\t<section class=\"elementor-section elementor-inner-section elementor-element elementor-element-1497984c elementor-section-boxed elementor-section-height-default elementor-section-height-default\" data-id=\"1497984c\" data-element_type=\"section\" data-e-type=\"section\">\n\t\t\t\t\t\t<div class=\"elementor-container elementor-column-gap-default\">\n\t\t\t\t\t<div class=\"elementor-column elementor-col-100 elementor-inner-column elementor-element elementor-element-56bf6bcd\" data-id=\"56bf6bcd\" data-element_type=\"column\" data-e-type=\"column\">\n\t\t\t<div class=\"elementor-widget-wrap elementor-element-populated\">\n\t\t\t\t\t\t<div class=\"elementor-element elementor-element-108871cc elementor-widget elementor-widget-heading\" data-id=\"108871cc\" data-element_type=\"widget\" data-e-type=\"widget\" data-widget_type=\"heading.default\">\n\t\t\t\t\t<h2 class=\"elementor-heading-title elementor-size-default\">Location<\/h2>\t\t\t\t<\/div>\n\t\t\t\t\t<\/div>\n\t\t<\/div>\n\t\t\t\t\t<\/div>\n\t\t<\/section>\n\t\t\t\t\t<\/div>\n\t\t<\/div>\n\t\t\t\t\t<\/div>\n\t\t<\/section>\n\t\t\t\t<section class=\"elementor-section elementor-top-section elementor-element elementor-element-1f53bc9 elementor-section-boxed elementor-section-height-default elementor-section-height-default\" data-id=\"1f53bc9\" data-element_type=\"section\" data-e-type=\"section\">\n\t\t\t\t\t\t<div class=\"elementor-container elementor-column-gap-default\">\n\t\t\t\t\t<div class=\"elementor-column elementor-col-100 elementor-top-column elementor-element elementor-element-20eb28b\" data-id=\"20eb28b\" data-element_type=\"column\" data-e-type=\"column\">\n\t\t\t<div class=\"elementor-widget-wrap elementor-element-populated\">\n\t\t\t\t\t\t<div class=\"elementor-element elementor-element-96ce355 elementor-widget elementor-widget-spacer\" data-id=\"96ce355\" data-element_type=\"widget\" data-e-type=\"widget\" data-widget_type=\"spacer.default\">\n\t\t\t\t\t\t\t<div class=\"elementor-spacer\">\n\t\t\t<div class=\"elementor-spacer-inner\"><\/div>\n\t\t<\/div>\n\t\t\t\t\t\t<\/div>\n\t\t\t\t\t<\/div>\n\t\t<\/div>\n\t\t\t\t\t<\/div>\n\t\t<\/section>\n\t\t\t\t<section class=\"elementor-section elementor-top-section elementor-element elementor-element-26cb163 elementor-section-boxed elementor-section-height-default elementor-section-height-default\" data-id=\"26cb163\" data-element_type=\"section\" data-e-type=\"section\">\n\t\t\t\t\t\t<div class=\"elementor-container elementor-column-gap-default\">\n\t\t\t\t\t<div class=\"elementor-column elementor-col-100 elementor-top-column elementor-element elementor-element-158cb39\" data-id=\"158cb39\" data-element_type=\"column\" data-e-type=\"column\">\n\t\t\t<div class=\"elementor-widget-wrap elementor-element-populated\">\n\t\t\t\t\t\t<div class=\"elementor-element elementor-element-7cd08a9 elementor-widget elementor-widget-heading\" data-id=\"7cd08a9\" data-element_type=\"widget\" data-e-type=\"widget\" data-widget_type=\"heading.default\">\n\t\t\t\t\t<h2 class=\"elementor-heading-title elementor-size-default\">Hotel Kr\u00edunes is located in Vatnsenda <\/p><p>at Elli\u00f0avatn in K\u00f3pavogur<span style=\"color: var( --e-global-color-primary );font-size: 2rem\"><\/ span><\/p><\/h2>\t\t\t\t<\/div>\n\t\t\t\t\t<\/div>\n\t\t<\/div>\n\t\t\t\t\t<\/div>\n\t\t<\/section>\n\t\t\t\t<section class=\"elementor-section elementor-top-section elementor-element elementor-element-6da31d0 elementor-section-boxed elementor-section-height-default elementor-section-height-default\" data-id=\"6da31d0\" data-element_type=\"section\" data-e-type=\"section\">\n\t\t\t\t\t\t<div class=\"elementor-container elementor-column-gap-default\">\n\t\t\t\t\t<div class=\"elementor-column elementor-col-100 elementor-top-column elementor-element elementor-element-821b63c\" data-id=\"821b63c\" data-element_type=\"column\" data-e-type=\"column\">\n\t\t\t<div class=\"elementor-widget-wrap elementor-element-populated\">\n\t\t\t\t\t\t<section class=\"elementor-section elementor-inner-section elementor-element elementor-element-54c84111 elementor-section-boxed elementor-section-height-default elementor-section-height-default\" data-id=\"54c84111\" data-element_type=\"section\" data-e-type=\"section\">\n\t\t\t\t\t\t<div class=\"elementor-container elementor-column-gap-default\">\n\t\t\t\t\t<div class=\"elementor-column elementor-col-100 elementor-inner-column elementor-element elementor-element-322d76cf\" data-id=\"322d76cf\" data-element_type=\"column\" data-e-type=\"column\">\n\t\t\t<div class=\"elementor-widget-wrap elementor-element-populated\">\n\t\t\t\t\t\t<div class=\"elementor-element elementor-element-23e7963 elementor-widget elementor-widget-text-editor\" data-id=\"23e7963\" data-element_type=\"widget\" data-e-type=\"widget\" data-widget_type=\"text-editor.default\">\n\t\t\t\t\t\t\t\t\t<p>You can follow the guide using the QR code below<\/p>\t\t\t\t\t\t\t\t<\/div>\n\t\t\t\t<div class=\"elementor-element elementor-element-5765bc8 elementor-widget elementor-widget-google_maps\" data-id=\"5765bc8\" data-element_type=\"widget\" data-e-type=\"widget\" data-widget_type=\"google_maps.default\">\n\t\t\t\t\t\t\t<div class=\"elementor-custom-embed\">\n\t\t\t<iframe loading=\"lazy\"\n\t\t\t\t\tsrc=\"https:\/\/maps.google.com\/maps?q=h%C3%B3tel%20Kriunes&#038;t=m&#038;z=11&#038;output=embed&#038;iwloc=near\"\n\t\t\t\t\ttitle=\"h\u00f3tel Kriunes\"\n\t\t\t\t\taria-label=\"h\u00f3tel Kriunes\"\n\t\t\t><\/iframe>\n\t\t<\/div>\n\t\t\t\t\t\t<\/div>\n\t\t\t\t\t<\/div>\n\t\t<\/div>\n\t\t\t\t\t<\/div>\n\t\t<\/section>\n\t\t\t\t\t<\/div>\n\t\t<\/div>\n\t\t\t\t\t<\/div>\n\t\t<\/section>\n\t\t\t\t<section class=\"elementor-section elementor-top-section elementor-element elementor-element-b5cfca1 elementor-section-boxed elementor-section-height-default elementor-section-height-default\" data-id=\"b5cfca1\" data-element_type=\"section\" data-e-type=\"section\">\n\t\t\t\t\t\t<div class=\"elementor-container elementor-column-gap-default\">\n\t\t\t\t\t<div class=\"elementor-column elementor-col-100 elementor-top-column elementor-element elementor-element-cfcbe6f\" data-id=\"cfcbe6f\" data-element_type=\"column\" data-e-type=\"column\">\n\t\t\t<div class=\"elementor-widget-wrap elementor-element-populated\">\n\t\t\t\t\t\t<div class=\"elementor-element elementor-element-b91e67a elementor-widget elementor-widget-heading\" data-id=\"b91e67a\" data-element_type=\"widget\" data-e-type=\"widget\" data-widget_type=\"heading.default\">\n\t\t\t\t\t<h2 class=\"elementor-heading-title elementor-size-default\">QR code for guidance<\/h2>\t\t\t\t<\/div>\n\t\t\t\t<div class=\"elementor-element elementor-element-5929eaa elementor-widget elementor-widget-image\" data-id=\"5929eaa\" data-element_type=\"widget\" data-e-type=\"widget\" data-widget_type=\"image.default\">\n\t\t\t\t\t\t\t\t\t\t\t\t\t\t\t<img decoding=\"async\" width=\"150\" height=\"150\" src=\"https:\/\/kriunes.is\/wp-content\/uploads\/2021\/09\/IMG_199017543DD3-1-150x150.jpeg\" class=\"attachment-thumbnail size-thumbnail wp-image-4006\" alt=\"qr-code\" srcset=\"https:\/\/kriunes.is\/wp-content\/uploads\/2021\/09\/IMG_199017543DD3-1-150x150.jpeg 150w, https:\/\/kriunes.is\/wp-content\/uploads\/2021\/09\/IMG_199017543DD3-1-300x300.jpeg 300w, https:\/\/kriunes.is\/wp-content\/uploads\/2021\/09\/IMG_199017543DD3-1-100x100.jpeg 100w, https:\/\/kriunes.is\/wp-content\/uploads\/2021\/09\/IMG_199017543DD3-1.jpeg 480w\" sizes=\"(max-width: 150px) 100vw, 150px\" \/>\t\t\t\t\t\t\t\t\t\t\t\t\t\t\t<\/div>\n\t\t\t\t\t<\/div>\n\t\t<\/div>\n\t\t\t\t\t<\/div>\n\t\t<\/section>\n\t\t\t\t<section class=\"elementor-section elementor-top-section elementor-element elementor-element-21ed78d elementor-section-boxed elementor-section-height-default elementor-section-height-default\" data-id=\"21ed78d\" data-element_type=\"section\" data-e-type=\"section\">\n\t\t\t\t\t\t<div class=\"elementor-container elementor-column-gap-default\">\n\t\t\t\t\t<div class=\"elementor-column elementor-col-100 elementor-top-column elementor-element elementor-element-3842115\" data-id=\"3842115\" data-element_type=\"column\" data-e-type=\"column\">\n\t\t\t<div class=\"elementor-widget-wrap elementor-element-populated\">\n\t\t\t\t\t\t<div class=\"elementor-element elementor-element-efba78b elementor-widget elementor-widget-spacer\" data-id=\"efba78b\" data-element_type=\"widget\" data-e-type=\"widget\" data-widget_type=\"spacer.default\">\n\t\t\t\t\t\t\t<div class=\"elementor-spacer\">\n\t\t\t<div class=\"elementor-spacer-inner\"><\/div>\n\t\t<\/div>\n\t\t\t\t\t\t<\/div>\n\t\t\t\t\t<\/div>\n\t\t<\/div>\n\t\t\t\t\t<\/div>\n\t\t<\/section>\n\t\t\t\t<\/div>\n\t\t","protected":false},"excerpt":{"rendered":"<p>Location Hotel Kr\u00edunes is located in Vatnsenda at Elli\u00f0avatn in K\u00f3pavogur You can follow the guide using the QR code below QR code for guidance<\/p>\n","protected":false},"author":1,"featured_media":0,"parent":0,"menu_order":0,"comment_status":"closed","ping_status":"closed","template":"","meta":{"inline_featured_image":false,"footnotes":""},"class_list":["post-3095","page","type-page","status-publish","hentry"],"yoast_head":"<!-- This site is optimized with the Yoast SEO plugin v27.4 - https:\/\/yoast.com\/product\/yoast-seo-wordpress\/ -->\n<title>Location - Kriunes<\/title>\n<meta name=\"robots\" content=\"index, follow, max-snippet:-1, max-image-preview:large, max-video-preview:-1\" \/>\n<link rel=\"canonical\" href=\"https:\/\/kriunes.is\/en\/location\/\" \/>\n<meta name=\"twitter:card\" content=\"summary_large_image\" \/>\n<meta name=\"twitter:title\" content=\"Location - Kriunes\" \/>\n<meta name=\"twitter:description\" content=\"Location Hotel Kr\u00edunes is located in Vatnsenda at Elli\u00f0avatn in K\u00f3pavogur You can follow the guide using the QR code below QR code for guidance\" \/>\n<meta name=\"twitter:image\" content=\"https:\/\/kriunes.is\/wp-content\/uploads\/2021\/09\/IMG_199017543DD3-1-150x150.jpeg\" \/>\n<meta name=\"twitter:label1\" content=\"Est. reading time\" \/>\n\t<meta name=\"twitter:data1\" content=\"1 minute\" \/>\n<script type=\"application\/ld+json\" class=\"yoast-schema-graph\">{\"@context\":\"https:\\\/\\\/schema.org\",\"@graph\":[{\"@type\":\"WebPage\",\"@id\":\"https:\\\/\\\/kriunes.is\\\/en\\\/location\\\/\",\"url\":\"https:\\\/\\\/kriunes.is\\\/en\\\/location\\\/\",\"name\":\"Location - Kriunes\",\"isPartOf\":{\"@id\":\"https:\\\/\\\/kriunes.is\\\/en\\\/#website\"},\"primaryImageOfPage\":{\"@id\":\"https:\\\/\\\/kriunes.is\\\/en\\\/location\\\/#primaryimage\"},\"image\":{\"@id\":\"https:\\\/\\\/kriunes.is\\\/en\\\/location\\\/#primaryimage\"},\"thumbnailUrl\":\"https:\\\/\\\/kriunes.is\\\/wp-content\\\/uploads\\\/2021\\\/09\\\/IMG_199017543DD3-1-150x150.jpeg\",\"datePublished\":\"2021-09-02T09:12:18+00:00\",\"dateModified\":\"2023-08-02T19:48:50+00:00\",\"breadcrumb\":{\"@id\":\"https:\\\/\\\/kriunes.is\\\/en\\\/location\\\/#breadcrumb\"},\"inLanguage\":\"en-US\",\"potentialAction\":[{\"@type\":\"ReadAction\",\"target\":[\"https:\\\/\\\/kriunes.is\\\/en\\\/location\\\/\"]}]},{\"@type\":\"ImageObject\",\"inLanguage\":\"en-US\",\"@id\":\"https:\\\/\\\/kriunes.is\\\/en\\\/location\\\/#primaryimage\",\"url\":\"https:\\\/\\\/kriunes.is\\\/wp-content\\\/uploads\\\/2021\\\/09\\\/IMG_199017543DD3-1-150x150.jpeg\",\"contentUrl\":\"https:\\\/\\\/kriunes.is\\\/wp-content\\\/uploads\\\/2021\\\/09\\\/IMG_199017543DD3-1-150x150.jpeg\"},{\"@type\":\"BreadcrumbList\",\"@id\":\"https:\\\/\\\/kriunes.is\\\/en\\\/location\\\/#breadcrumb\",\"itemListElement\":[{\"@type\":\"ListItem\",\"position\":1,\"name\":\"Home\",\"item\":\"https:\\\/\\\/kriunes.is\\\/en\\\/\"},{\"@type\":\"ListItem\",\"position\":2,\"name\":\"Location\"}]},{\"@type\":\"WebSite\",\"@id\":\"https:\\\/\\\/kriunes.is\\\/en\\\/#website\",\"url\":\"https:\\\/\\\/kriunes.is\\\/en\\\/\",\"name\":\"Kriunes\",\"description\":\"Iceland\",\"potentialAction\":[{\"@type\":\"SearchAction\",\"target\":{\"@type\":\"EntryPoint\",\"urlTemplate\":\"https:\\\/\\\/kriunes.is\\\/en\\\/?s={search_term_string}\"},\"query-input\":{\"@type\":\"PropertyValueSpecification\",\"valueRequired\":true,\"valueName\":\"search_term_string\"}}],\"inLanguage\":\"en-US\"}]}<\/script>\n<!-- \/ Yoast SEO plugin. -->","yoast_head_json":{"title":"Location - Kriunes","robots":{"index":"index","follow":"follow","max-snippet":"max-snippet:-1","max-image-preview":"max-image-preview:large","max-video-preview":"max-video-preview:-1"},"canonical":"https:\/\/kriunes.is\/en\/location\/","twitter_card":"summary_large_image","twitter_title":"Location - Kriunes","twitter_description":"Location Hotel Kr\u00edunes is located in Vatnsenda at Elli\u00f0avatn in K\u00f3pavogur You can follow the guide using the QR code below QR code for guidance","twitter_image":"https:\/\/kriunes.is\/wp-content\/uploads\/2021\/09\/IMG_199017543DD3-1-150x150.jpeg","twitter_misc":{"Est. reading time":"1 minute"},"schema":{"@context":"https:\/\/schema.org","@graph":[{"@type":"WebPage","@id":"https:\/\/kriunes.is\/en\/location\/","url":"https:\/\/kriunes.is\/en\/location\/","name":"Location - Kriunes","isPartOf":{"@id":"https:\/\/kriunes.is\/en\/#website"},"primaryImageOfPage":{"@id":"https:\/\/kriunes.is\/en\/location\/#primaryimage"},"image":{"@id":"https:\/\/kriunes.is\/en\/location\/#primaryimage"},"thumbnailUrl":"https:\/\/kriunes.is\/wp-content\/uploads\/2021\/09\/IMG_199017543DD3-1-150x150.jpeg","datePublished":"2021-09-02T09:12:18+00:00","dateModified":"2023-08-02T19:48:50+00:00","breadcrumb":{"@id":"https:\/\/kriunes.is\/en\/location\/#breadcrumb"},"inLanguage":"en-US","potentialAction":[{"@type":"ReadAction","target":["https:\/\/kriunes.is\/en\/location\/"]}]},{"@type":"ImageObject","inLanguage":"en-US","@id":"https:\/\/kriunes.is\/en\/location\/#primaryimage","url":"https:\/\/kriunes.is\/wp-content\/uploads\/2021\/09\/IMG_199017543DD3-1-150x150.jpeg","contentUrl":"https:\/\/kriunes.is\/wp-content\/uploads\/2021\/09\/IMG_199017543DD3-1-150x150.jpeg"},{"@type":"BreadcrumbList","@id":"https:\/\/kriunes.is\/en\/location\/#breadcrumb","itemListElement":[{"@type":"ListItem","position":1,"name":"Home","item":"https:\/\/kriunes.is\/en\/"},{"@type":"ListItem","position":2,"name":"Location"}]},{"@type":"WebSite","@id":"https:\/\/kriunes.is\/en\/#website","url":"https:\/\/kriunes.is\/en\/","name":"Kriunes","description":"Iceland","potentialAction":[{"@type":"SearchAction","target":{"@type":"EntryPoint","urlTemplate":"https:\/\/kriunes.is\/en\/?s={search_term_string}"},"query-input":{"@type":"PropertyValueSpecification","valueRequired":true,"valueName":"search_term_string"}}],"inLanguage":"en-US"}]}},"_links":{"self":[{"href":"https:\/\/kriunes.is\/en\/wp-json\/wp\/v2\/pages\/3095","targetHints":{"allow":["GET"]}}],"collection":[{"href":"https:\/\/kriunes.is\/en\/wp-json\/wp\/v2\/pages"}],"about":[{"href":"https:\/\/kriunes.is\/en\/wp-json\/wp\/v2\/types\/page"}],"author":[{"embeddable":true,"href":"https:\/\/kriunes.is\/en\/wp-json\/wp\/v2\/users\/1"}],"replies":[{"embeddable":true,"href":"https:\/\/kriunes.is\/en\/wp-json\/wp\/v2\/comments?post=3095"}],"version-history":[{"count":40,"href":"https:\/\/kriunes.is\/en\/wp-json\/wp\/v2\/pages\/3095\/revisions"}],"predecessor-version":[{"id":5710,"href":"https:\/\/kriunes.is\/en\/wp-json\/wp\/v2\/pages\/3095\/revisions\/5710"}],"wp:attachment":[{"href":"https:\/\/kriunes.is\/en\/wp-json\/wp\/v2\/media?parent=3095"}],"curies":[{"name":"wp","href":"https:\/\/api.w.org\/{rel}","templated":true}]}}