{"id":337,"date":"2021-05-14T12:26:35","date_gmt":"2021-05-14T12:26:35","guid":{"rendered":"https:\/\/kriunes.is\/?page_id=337"},"modified":"2023-08-02T19:57:45","modified_gmt":"2023-08-02T19:57:45","slug":"transport-and-driving-directions","status":"publish","type":"page","link":"https:\/\/kriunes.is\/en\/transport-and-driving-directions\/","title":{"rendered":"Transport"},"content":{"rendered":"\t\t<div data-elementor-type=\"wp-page\" data-elementor-id=\"337\" class=\"elementor elementor-337\" data-elementor-post-type=\"page\">\n\t\t\t\t\t\t<section class=\"elementor-section elementor-top-section elementor-element elementor-element-622db4f0 elementor-section-height-min-height elementor-section-boxed elementor-section-height-default elementor-section-items-middle\" data-id=\"622db4f0\" data-element_type=\"section\" data-e-type=\"section\" data-settings=\"{&quot;background_background&quot;:&quot;classic&quot;}\">\n\t\t\t\t\t\t\t<div class=\"elementor-background-overlay\"><\/div>\n\t\t\t\t\t\t\t<div class=\"elementor-container elementor-column-gap-default\">\n\t\t\t\t\t<div class=\"elementor-column elementor-col-100 elementor-top-column elementor-element elementor-element-3cd4bf38\" data-id=\"3cd4bf38\" data-element_type=\"column\" data-e-type=\"column\">\n\t\t\t<div class=\"elementor-widget-wrap elementor-element-populated\">\n\t\t\t\t\t\t<section class=\"elementor-section elementor-inner-section elementor-element elementor-element-35c46849 elementor-section-boxed elementor-section-height-default elementor-section-height-default\" data-id=\"35c46849\" data-element_type=\"section\" data-e-type=\"section\">\n\t\t\t\t\t\t<div class=\"elementor-container elementor-column-gap-default\">\n\t\t\t\t\t<div class=\"elementor-column elementor-col-100 elementor-inner-column elementor-element elementor-element-ea9a855\" data-id=\"ea9a855\" data-element_type=\"column\" data-e-type=\"column\">\n\t\t\t<div class=\"elementor-widget-wrap elementor-element-populated\">\n\t\t\t\t\t\t<div class=\"elementor-element elementor-element-57298dbb elementor-widget elementor-widget-heading\" data-id=\"57298dbb\" data-element_type=\"widget\" data-e-type=\"widget\" data-widget_type=\"heading.default\">\n\t\t\t\t\t<h2 class=\"elementor-heading-title elementor-size-default\">Transport <\/h2>\t\t\t\t<\/div>\n\t\t\t\t\t<\/div>\n\t\t<\/div>\n\t\t\t\t\t<\/div>\n\t\t<\/section>\n\t\t\t\t\t<\/div>\n\t\t<\/div>\n\t\t\t\t\t<\/div>\n\t\t<\/section>\n\t\t\t\t<section class=\"elementor-section elementor-top-section elementor-element elementor-element-0facb9f elementor-section-boxed elementor-section-height-default elementor-section-height-default\" data-id=\"0facb9f\" data-element_type=\"section\" data-e-type=\"section\">\n\t\t\t\t\t\t<div class=\"elementor-container elementor-column-gap-default\">\n\t\t\t\t\t<div class=\"elementor-column elementor-col-33 elementor-top-column elementor-element elementor-element-ec87222\" data-id=\"ec87222\" data-element_type=\"column\" data-e-type=\"column\">\n\t\t\t<div class=\"elementor-widget-wrap elementor-element-populated\">\n\t\t\t\t\t\t<section class=\"elementor-section elementor-inner-section elementor-element elementor-element-afe930c elementor-section-boxed elementor-section-height-default elementor-section-height-default\" data-id=\"afe930c\" data-element_type=\"section\" data-e-type=\"section\">\n\t\t\t\t\t\t<div class=\"elementor-container elementor-column-gap-default\">\n\t\t\t\t\t<div class=\"elementor-column elementor-col-100 elementor-inner-column elementor-element elementor-element-8810cb4\" data-id=\"8810cb4\" data-element_type=\"column\" data-e-type=\"column\">\n\t\t\t<div class=\"elementor-widget-wrap elementor-element-populated\">\n\t\t\t\t\t\t<div class=\"elementor-element elementor-element-192e477 elementor--h-position-center elementor--v-position-middle elementor-arrows-position-inside elementor-pagination-position-inside elementor-widget elementor-widget-slides\" data-id=\"192e477\" data-element_type=\"widget\" data-e-type=\"widget\" data-settings=\"{&quot;navigation&quot;:&quot;both&quot;,&quot;autoplay&quot;:&quot;yes&quot;,&quot;pause_on_hover&quot;:&quot;yes&quot;,&quot;pause_on_interaction&quot;:&quot;yes&quot;,&quot;autoplay_speed&quot;:5000,&quot;infinite&quot;:&quot;yes&quot;,&quot;transition&quot;:&quot;slide&quot;,&quot;transition_speed&quot;:500}\" data-widget_type=\"slides.default\">\n\t\t\t\t\t\t\t\t\t\t<div class=\"elementor-slides-wrapper elementor-main-swiper swiper\" role=\"region\" aria-roledescription=\"carousel\" aria-label=\"Slides\" dir=\"ltr\" data-animation=\"fadeInUp\">\n\t\t\t\t<div class=\"swiper-wrapper elementor-slides\">\n\t\t\t\t\t\t\t\t\t\t<div class=\"elementor-repeater-item-f7c568e swiper-slide\" role=\"group\" aria-roledescription=\"slide\"><div class=\"swiper-slide-bg\" role=\"img\" aria-label=\"airportransfer2\"><\/div><div class=\"elementor-background-overlay\"><\/div><a class=\"swiper-slide-inner\" href=\"https:\/\/kriunes.tourdesk.is\/Transportation\"><div class=\"swiper-slide-contents\"><div class=\"elementor-slide-heading\">Transport for Keflavik Airport<\/div><\/div><\/a><\/div>\t\t\t\t<\/div>\n\t\t\t\t\t\t\t<\/div>\n\t\t\t\t\t\t\t\t<\/div>\n\t\t\t\t<div class=\"elementor-element elementor-element-c3a213d elementor--h-position-center elementor--v-position-middle elementor-arrows-position-inside elementor-pagination-position-inside elementor-widget elementor-widget-slides\" data-id=\"c3a213d\" data-element_type=\"widget\" data-e-type=\"widget\" data-settings=\"{&quot;navigation&quot;:&quot;both&quot;,&quot;autoplay&quot;:&quot;yes&quot;,&quot;pause_on_hover&quot;:&quot;yes&quot;,&quot;pause_on_interaction&quot;:&quot;yes&quot;,&quot;autoplay_speed&quot;:5000,&quot;infinite&quot;:&quot;yes&quot;,&quot;transition&quot;:&quot;slide&quot;,&quot;transition_speed&quot;:500}\" data-widget_type=\"slides.default\">\n\t\t\t\t\t\t\t\t\t\t<div class=\"elementor-slides-wrapper elementor-main-swiper swiper\" role=\"region\" aria-roledescription=\"carousel\" aria-label=\"Slides\" dir=\"ltr\" data-animation=\"fadeInUp\">\n\t\t\t\t<div class=\"swiper-wrapper elementor-slides\">\n\t\t\t\t\t\t\t\t\t\t<div class=\"elementor-repeater-item-f7c568e swiper-slide\" role=\"group\" aria-roledescription=\"slide\"><div class=\"swiper-slide-bg\" role=\"img\" aria-label=\"car-rental-market\"><\/div><div class=\"elementor-background-overlay\"><\/div><a class=\"swiper-slide-inner\" href=\"https:\/\/kriunes.tourdesk.is\/CarRental\"><div class=\"swiper-slide-contents\"><div class=\"elementor-slide-heading\">Car Rental<\/div><\/div><\/a><\/div>\t\t\t\t<\/div>\n\t\t\t\t\t\t\t<\/div>\n\t\t\t\t\t\t\t\t<\/div>\n\t\t\t\t<div class=\"elementor-element elementor-element-804464b elementor--h-position-center elementor--v-position-middle elementor-arrows-position-inside elementor-pagination-position-inside elementor-widget elementor-widget-slides\" data-id=\"804464b\" data-element_type=\"widget\" data-e-type=\"widget\" data-settings=\"{&quot;navigation&quot;:&quot;both&quot;,&quot;autoplay&quot;:&quot;yes&quot;,&quot;pause_on_hover&quot;:&quot;yes&quot;,&quot;pause_on_interaction&quot;:&quot;yes&quot;,&quot;autoplay_speed&quot;:5000,&quot;infinite&quot;:&quot;yes&quot;,&quot;transition&quot;:&quot;slide&quot;,&quot;transition_speed&quot;:500}\" data-widget_type=\"slides.default\">\n\t\t\t\t\t\t\t\t\t\t<div class=\"elementor-slides-wrapper elementor-main-swiper swiper\" role=\"region\" aria-roledescription=\"carousel\" aria-label=\"Slides\" dir=\"ltr\" data-animation=\"fadeInUp\">\n\t\t\t\t<div class=\"swiper-wrapper elementor-slides\">\n\t\t\t\t\t\t\t\t\t\t<div class=\"elementor-repeater-item-f7c568e swiper-slide\" role=\"group\" aria-roledescription=\"slide\"><div class=\"swiper-slide-bg\" role=\"img\" aria-label=\"unnamed\"><\/div><div class=\"elementor-background-overlay\"><\/div><a class=\"swiper-slide-inner\" href=\"https:\/\/www.klappid.is\/en\"><div class=\"swiper-slide-contents\"><div class=\"elementor-slide-heading\">BUS Planner APP<\/div><\/div><\/a><\/div>\t\t\t\t<\/div>\n\t\t\t\t\t\t\t<\/div>\n\t\t\t\t\t\t\t\t<\/div>\n\t\t\t\t\t<\/div>\n\t\t<\/div>\n\t\t\t\t\t<\/div>\n\t\t<\/section>\n\t\t\t\t\t<\/div>\n\t\t<\/div>\n\t\t\t\t<div class=\"elementor-column elementor-col-66 elementor-top-column elementor-element elementor-element-7b6ee93\" data-id=\"7b6ee93\" data-element_type=\"column\" data-e-type=\"column\">\n\t\t\t<div class=\"elementor-widget-wrap elementor-element-populated\">\n\t\t\t\t\t\t<div class=\"elementor-element elementor-element-d6bab77 elementor-widget elementor-widget-heading\" data-id=\"d6bab77\" data-element_type=\"widget\" data-e-type=\"widget\" data-widget_type=\"heading.default\">\n\t\t\t\t\t<h2 class=\"elementor-heading-title elementor-size-default\">Driving Directions from Keflav\u00edk\u00a0Airport<\/h2>\t\t\t\t<\/div>\n\t\t\t\t<div class=\"elementor-element elementor-element-d71d52e elementor-widget elementor-widget-text-editor\" data-id=\"d71d52e\" data-element_type=\"widget\" data-e-type=\"widget\" data-widget_type=\"text-editor.default\">\n\t\t\t\t\t\t\t\t\t<p style=\"text-align: left;\"><strong>From the International Airport (REK) (51 km, 46 mins):<\/strong><\/p><p><em>Latitude 64.0886017196843, Longitude -21.79383873939514<\/em><\/p><p>Follow the road Reykjanesbraut\/Route 41 toward Reykjav\u00edk City.<br \/>Take the ramp to the right to Brei\u00f0holtsbraut Route 413 towards Brei\u00f0holt<br \/>At a traffic light, turn right onto Vatnsendahvarf Route 410 (this is just before the Bonus supermarket, but there is no sign for 410, just the street sign). If you pass the Bonus supermarket on the right, you just missed Vatnsendahvarf so you need to turn around, go back to the light, and turn left. Go straight through the first roundabout (this means \u201ctake the second exit\u201d). At the second roundabout, take the 3rd exit onto Brei\u00f0ahvarf (there is a blue sign \u201cKriunes Hotel\u201d on a lamp post). Drive straight until you see a street named Funavarf, turn right onto Funahvarf (marked by another blue sign \u201cKriunes Hotel\u201d). Turn left onto Fornahvarf (blue sign \u201cKriunes Hotel\u201d). The road passes a school (on the right) and ends in a \u201cT\u201d intersection. Turn left at the \u201cT\u201d onto Kr\u00edunesvegur (blue sign \u201cKriunes Hotel\u201d). This road will curve to the right, go down a hill, pass some houses on the right, and then runs straight into the gateway in a wall around the hotel parking lot.<\/p><p><strong>Driving directions from the City Center<\/strong><\/p><p>Follow the road near the ocean Route 41 towards K\u00f3pavogur. Take the lane on the right Route 413 Brei\u00f0holtsbraut toward Brei\u00f0holt. At a traffic light, turn right onto Vatnsendahvarf Route 410 (this is just before the Bonus supermarket, but there is no sign for 410, just the street sign). If you pass the Bonus supermarket on the right, you just missed Vatnsendahvarf so you need to turn around, go back to the light, and turn left. Go straight through the first roundabout (this means \u201ctake the second exit\u201d). At the second roundabout, take the 3rd exit onto Brei\u00f0ahvarf (there is a blue sign \u201cKriunes Hotel\u201d on a lamp post). Drive straight until you see a street named Funavarf, turn right onto Funahvarf (marked by another blue sign \u201cKriunes Hotel\u201d). Turn left onto Fornahvarf (blue sign \u201cKriunes Hotel\u201d). The road passes a school (on the right) and ends in a \u201cT\u201d intersection.<br \/>Turn left at the \u201cT\u201d onto Kr\u00edunesvegur (blue sign \u201cKriunes Hotel\u201d). This road will curve to the right, go down a hill, pass some houses on the right, and then runs straight into the gateway in a wall around the hotel parking lot.<\/p><p><strong>Public Bus from Hotel Kr\u00edunes to Reykjav\u00edk City Center<\/strong><\/p><p>Bus route 2 (Hlemmur) from Vatnsendavegur\/\u00c1lfkonuhvarf stops within 10 minutes walking distance from Hotel Kr\u00edunes. Go out at the Bus Terminal Hlemmur which is close to the main shopping street Laugavegur in the city center. When you are going back to the hotel you will take bus route 2 (Mj\u00f3dd) from Hlemmur and go out at Vatnsendavegur\/\u00c1lfkonuhvarf. Walking distance to the hotel is about 10 min.<\/p><p><a href=\"http:\/\/www.straeto.is\/app\" target=\"_blank\" rel=\"noopener\">Get your Free Reykjavik BUS Planner APP for your iPhone\/iPad<\/a><\/p>\t\t\t\t\t\t\t\t<\/div>\n\t\t\t\t\t<\/div>\n\t\t<\/div>\n\t\t\t\t\t<\/div>\n\t\t<\/section>\n\t\t\t\t<section class=\"elementor-section elementor-top-section elementor-element elementor-element-37e3811 elementor-section-full_width elementor-section-height-default elementor-section-height-default\" data-id=\"37e3811\" data-element_type=\"section\" data-e-type=\"section\">\n\t\t\t\t\t\t<div class=\"elementor-container elementor-column-gap-default\">\n\t\t\t\t\t<div class=\"elementor-column elementor-col-100 elementor-top-column elementor-element elementor-element-e24a632\" data-id=\"e24a632\" data-element_type=\"column\" data-e-type=\"column\">\n\t\t\t<div class=\"elementor-widget-wrap elementor-element-populated\">\n\t\t\t\t\t\t<div class=\"elementor-element elementor-element-dae8f30 elementor-widget elementor-widget-google_maps\" data-id=\"dae8f30\" data-element_type=\"widget\" data-e-type=\"widget\" data-widget_type=\"google_maps.default\">\n\t\t\t\t\t\t\t<div class=\"elementor-custom-embed\">\n\t\t\t<iframe loading=\"lazy\"\n\t\t\t\t\tsrc=\"https:\/\/maps.google.com\/maps?q=hotel%20kriunes&#038;t=m&#038;z=10&#038;output=embed&#038;iwloc=near\"\n\t\t\t\t\ttitle=\"hotel kriunes\"\n\t\t\t\t\taria-label=\"hotel kriunes\"\n\t\t\t><\/iframe>\n\t\t<\/div>\n\t\t\t\t\t\t<\/div>\n\t\t\t\t\t<\/div>\n\t\t<\/div>\n\t\t\t\t\t<\/div>\n\t\t<\/section>\n\t\t\t\t<\/div>\n\t\t","protected":false},"excerpt":{"rendered":"<p>Transport Transport for Keflavik Airport Car Rental BUS Planner APP Driving Directions from Keflav\u00edk\u00a0Airport From the International Airport (REK) (51 km, 46 mins): Latitude 64.0886017196843, Longitude -21.79383873939514 Follow the road Reykjanesbraut\/Route 41 toward Reykjav\u00edk City.Take the ramp to the right to Brei\u00f0holtsbraut Route 413 towards Brei\u00f0holtAt a traffic light, turn right onto Vatnsendahvarf Route 410 [&hellip;]<\/p>\n","protected":false},"author":1,"featured_media":0,"parent":0,"menu_order":0,"comment_status":"closed","ping_status":"closed","template":"","meta":{"inline_featured_image":false,"footnotes":""},"class_list":["post-337","page","type-page","status-publish","hentry"],"yoast_head":"<!-- This site is optimized with the Yoast SEO plugin v27.4 - https:\/\/yoast.com\/product\/yoast-seo-wordpress\/ -->\n<title>Transport - Kriunes<\/title>\n<meta name=\"robots\" content=\"index, follow, max-snippet:-1, max-image-preview:large, max-video-preview:-1\" \/>\n<link rel=\"canonical\" href=\"https:\/\/kriunes.is\/en\/transport-and-driving-directions\/\" \/>\n<meta name=\"twitter:card\" content=\"summary_large_image\" \/>\n<meta name=\"twitter:title\" content=\"Transport - Kriunes\" \/>\n<meta name=\"twitter:description\" content=\"Transport Transport for Keflavik Airport Car Rental BUS Planner APP Driving Directions from Keflav\u00edk\u00a0Airport From the International Airport (REK) (51 km, 46 mins): Latitude 64.0886017196843, Longitude -21.79383873939514 Follow the road Reykjanesbraut\/Route 41 toward Reykjav\u00edk City.Take the ramp to the right to Brei\u00f0holtsbraut Route 413 towards Brei\u00f0holtAt a traffic light, turn right onto Vatnsendahvarf Route 410 [&hellip;]\" \/>\n<meta name=\"twitter:label1\" content=\"Est. reading time\" \/>\n\t<meta name=\"twitter:data1\" content=\"3 minutes\" \/>\n<script type=\"application\/ld+json\" class=\"yoast-schema-graph\">{\"@context\":\"https:\\\/\\\/schema.org\",\"@graph\":[{\"@type\":\"WebPage\",\"@id\":\"https:\\\/\\\/kriunes.is\\\/en\\\/transport-and-driving-directions\\\/\",\"url\":\"https:\\\/\\\/kriunes.is\\\/en\\\/transport-and-driving-directions\\\/\",\"name\":\"Transport - Kriunes\",\"isPartOf\":{\"@id\":\"https:\\\/\\\/kriunes.is\\\/en\\\/#website\"},\"datePublished\":\"2021-05-14T12:26:35+00:00\",\"dateModified\":\"2023-08-02T19:57:45+00:00\",\"breadcrumb\":{\"@id\":\"https:\\\/\\\/kriunes.is\\\/en\\\/transport-and-driving-directions\\\/#breadcrumb\"},\"inLanguage\":\"en-US\",\"potentialAction\":[{\"@type\":\"ReadAction\",\"target\":[\"https:\\\/\\\/kriunes.is\\\/en\\\/transport-and-driving-directions\\\/\"]}]},{\"@type\":\"BreadcrumbList\",\"@id\":\"https:\\\/\\\/kriunes.is\\\/en\\\/transport-and-driving-directions\\\/#breadcrumb\",\"itemListElement\":[{\"@type\":\"ListItem\",\"position\":1,\"name\":\"Home\",\"item\":\"https:\\\/\\\/kriunes.is\\\/en\\\/\"},{\"@type\":\"ListItem\",\"position\":2,\"name\":\"Transport\"}]},{\"@type\":\"WebSite\",\"@id\":\"https:\\\/\\\/kriunes.is\\\/en\\\/#website\",\"url\":\"https:\\\/\\\/kriunes.is\\\/en\\\/\",\"name\":\"Kriunes\",\"description\":\"Iceland\",\"potentialAction\":[{\"@type\":\"SearchAction\",\"target\":{\"@type\":\"EntryPoint\",\"urlTemplate\":\"https:\\\/\\\/kriunes.is\\\/en\\\/?s={search_term_string}\"},\"query-input\":{\"@type\":\"PropertyValueSpecification\",\"valueRequired\":true,\"valueName\":\"search_term_string\"}}],\"inLanguage\":\"en-US\"}]}<\/script>\n<!-- \/ Yoast SEO plugin. -->","yoast_head_json":{"title":"Transport - Kriunes","robots":{"index":"index","follow":"follow","max-snippet":"max-snippet:-1","max-image-preview":"max-image-preview:large","max-video-preview":"max-video-preview:-1"},"canonical":"https:\/\/kriunes.is\/en\/transport-and-driving-directions\/","twitter_card":"summary_large_image","twitter_title":"Transport - Kriunes","twitter_description":"Transport Transport for Keflavik Airport Car Rental BUS Planner APP Driving Directions from Keflav\u00edk\u00a0Airport From the International Airport (REK) (51 km, 46 mins): Latitude 64.0886017196843, Longitude -21.79383873939514 Follow the road Reykjanesbraut\/Route 41 toward Reykjav\u00edk City.Take the ramp to the right to Brei\u00f0holtsbraut Route 413 towards Brei\u00f0holtAt a traffic light, turn right onto Vatnsendahvarf Route 410 [&hellip;]","twitter_misc":{"Est. reading time":"3 minutes"},"schema":{"@context":"https:\/\/schema.org","@graph":[{"@type":"WebPage","@id":"https:\/\/kriunes.is\/en\/transport-and-driving-directions\/","url":"https:\/\/kriunes.is\/en\/transport-and-driving-directions\/","name":"Transport - Kriunes","isPartOf":{"@id":"https:\/\/kriunes.is\/en\/#website"},"datePublished":"2021-05-14T12:26:35+00:00","dateModified":"2023-08-02T19:57:45+00:00","breadcrumb":{"@id":"https:\/\/kriunes.is\/en\/transport-and-driving-directions\/#breadcrumb"},"inLanguage":"en-US","potentialAction":[{"@type":"ReadAction","target":["https:\/\/kriunes.is\/en\/transport-and-driving-directions\/"]}]},{"@type":"BreadcrumbList","@id":"https:\/\/kriunes.is\/en\/transport-and-driving-directions\/#breadcrumb","itemListElement":[{"@type":"ListItem","position":1,"name":"Home","item":"https:\/\/kriunes.is\/en\/"},{"@type":"ListItem","position":2,"name":"Transport"}]},{"@type":"WebSite","@id":"https:\/\/kriunes.is\/en\/#website","url":"https:\/\/kriunes.is\/en\/","name":"Kriunes","description":"Iceland","potentialAction":[{"@type":"SearchAction","target":{"@type":"EntryPoint","urlTemplate":"https:\/\/kriunes.is\/en\/?s={search_term_string}"},"query-input":{"@type":"PropertyValueSpecification","valueRequired":true,"valueName":"search_term_string"}}],"inLanguage":"en-US"}]}},"_links":{"self":[{"href":"https:\/\/kriunes.is\/en\/wp-json\/wp\/v2\/pages\/337","targetHints":{"allow":["GET"]}}],"collection":[{"href":"https:\/\/kriunes.is\/en\/wp-json\/wp\/v2\/pages"}],"about":[{"href":"https:\/\/kriunes.is\/en\/wp-json\/wp\/v2\/types\/page"}],"author":[{"embeddable":true,"href":"https:\/\/kriunes.is\/en\/wp-json\/wp\/v2\/users\/1"}],"replies":[{"embeddable":true,"href":"https:\/\/kriunes.is\/en\/wp-json\/wp\/v2\/comments?post=337"}],"version-history":[{"count":75,"href":"https:\/\/kriunes.is\/en\/wp-json\/wp\/v2\/pages\/337\/revisions"}],"predecessor-version":[{"id":5722,"href":"https:\/\/kriunes.is\/en\/wp-json\/wp\/v2\/pages\/337\/revisions\/5722"}],"wp:attachment":[{"href":"https:\/\/kriunes.is\/en\/wp-json\/wp\/v2\/media?parent=337"}],"curies":[{"name":"wp","href":"https:\/\/api.w.org\/{rel}","templated":true}]}}