{"id":4147,"date":"2021-11-05T13:17:42","date_gmt":"2021-11-05T13:17:42","guid":{"rendered":"https:\/\/kriunes.is\/?page_id=4147"},"modified":"2021-11-05T18:28:53","modified_gmt":"2021-11-05T18:28:53","slug":"the-aurora-bore","status":"publish","type":"page","link":"https:\/\/kriunes.is\/en\/the-aurora-bore\/","title":{"rendered":"The Aurora Bore"},"content":{"rendered":"\t\t<div data-elementor-type=\"wp-page\" data-elementor-id=\"4147\" class=\"elementor elementor-4147\" data-elementor-post-type=\"page\">\n\t\t\t\t\t\t<section class=\"elementor-section elementor-top-section elementor-element elementor-element-80c3d5e elementor-section-boxed elementor-section-height-default elementor-section-height-default\" data-id=\"80c3d5e\" data-element_type=\"section\" data-e-type=\"section\">\n\t\t\t\t\t\t<div class=\"elementor-container elementor-column-gap-default\">\n\t\t\t\t\t<div class=\"elementor-column elementor-col-100 elementor-top-column elementor-element elementor-element-4c9354e\" data-id=\"4c9354e\" data-element_type=\"column\" data-e-type=\"column\">\n\t\t\t<div class=\"elementor-widget-wrap elementor-element-populated\">\n\t\t\t\t\t\t\t<\/div>\n\t\t<\/div>\n\t\t\t\t\t<\/div>\n\t\t<\/section>\n\t\t\t\t<section class=\"elementor-section elementor-top-section elementor-element elementor-element-e73923f elementor-section-boxed elementor-section-height-default elementor-section-height-default\" data-id=\"e73923f\" data-element_type=\"section\" data-e-type=\"section\">\n\t\t\t\t\t\t<div class=\"elementor-container elementor-column-gap-default\">\n\t\t\t\t\t<div class=\"elementor-column elementor-col-100 elementor-top-column elementor-element elementor-element-845e516\" data-id=\"845e516\" data-element_type=\"column\" data-e-type=\"column\">\n\t\t\t<div class=\"elementor-widget-wrap elementor-element-populated\">\n\t\t\t\t\t\t<div class=\"elementor-element elementor-element-c35ebed elementor-widget elementor-widget-heading\" data-id=\"c35ebed\" data-element_type=\"widget\" data-e-type=\"widget\" data-widget_type=\"heading.default\">\n\t\t\t\t\t<h1 class=\"elementor-heading-title elementor-size-default\">The Northern Lights <\/h1>\t\t\t\t<\/div>\n\t\t\t\t\t<\/div>\n\t\t<\/div>\n\t\t\t\t\t<\/div>\n\t\t<\/section>\n\t\t\t\t<section class=\"elementor-section elementor-top-section elementor-element elementor-element-a06a104 elementor-section-boxed elementor-section-height-default elementor-section-height-default\" data-id=\"a06a104\" data-element_type=\"section\" data-e-type=\"section\">\n\t\t\t\t\t\t<div class=\"elementor-container elementor-column-gap-default\">\n\t\t\t\t\t<div class=\"elementor-column elementor-col-100 elementor-top-column elementor-element elementor-element-f1df761\" data-id=\"f1df761\" data-element_type=\"column\" data-e-type=\"column\">\n\t\t\t<div class=\"elementor-widget-wrap elementor-element-populated\">\n\t\t\t\t\t\t<div class=\"elementor-element elementor-element-f1d24f4 elementor-widget__width-inherit elementor-fixed elementor-widget elementor-widget-image\" data-id=\"f1d24f4\" data-element_type=\"widget\" data-e-type=\"widget\" data-settings=\"{&quot;_position&quot;:&quot;fixed&quot;}\" data-widget_type=\"image.default\">\n\t\t\t\t\t\t\t\t\t\t\t\t\t\t\t<img fetchpriority=\"high\" decoding=\"async\" width=\"1824\" height=\"912\" src=\"https:\/\/kriunes.is\/wp-content\/uploads\/2021\/11\/untitled-55@0.25x.jpg\" class=\"attachment-full size-full wp-image-4148\" alt=\"Northern Lights from Hotel Kriunes in Iceland\" srcset=\"https:\/\/kriunes.is\/wp-content\/uploads\/2021\/11\/untitled-55@0.25x.jpg 1824w, https:\/\/kriunes.is\/wp-content\/uploads\/2021\/11\/untitled-55@0.25x-300x150.jpg 300w, https:\/\/kriunes.is\/wp-content\/uploads\/2021\/11\/untitled-55@0.25x-1024x512.jpg 1024w, https:\/\/kriunes.is\/wp-content\/uploads\/2021\/11\/untitled-55@0.25x-768x384.jpg 768w, https:\/\/kriunes.is\/wp-content\/uploads\/2021\/11\/untitled-55@0.25x-1536x768.jpg 1536w, https:\/\/kriunes.is\/wp-content\/uploads\/2021\/11\/untitled-55@0.25x-600x300.jpg 600w\" sizes=\"(max-width: 1824px) 100vw, 1824px\" \/>\t\t\t\t\t\t\t\t\t\t\t\t\t\t\t<\/div>\n\t\t\t\t\t<\/div>\n\t\t<\/div>\n\t\t\t\t\t<\/div>\n\t\t<\/section>\n\t\t\t\t<section class=\"elementor-section elementor-top-section elementor-element elementor-element-0e384c6 elementor-section-boxed elementor-section-height-default elementor-section-height-default\" data-id=\"0e384c6\" data-element_type=\"section\" data-e-type=\"section\">\n\t\t\t\t\t\t<div class=\"elementor-container elementor-column-gap-default\">\n\t\t\t\t\t<div class=\"elementor-column elementor-col-100 elementor-top-column elementor-element elementor-element-a3c741e\" data-id=\"a3c741e\" data-element_type=\"column\" data-e-type=\"column\">\n\t\t\t<div class=\"elementor-widget-wrap elementor-element-populated\">\n\t\t\t\t\t\t<div class=\"elementor-element elementor-element-ae876d9 elementor-widget elementor-widget-text-editor\" data-id=\"ae876d9\" data-element_type=\"widget\" data-e-type=\"widget\" data-widget_type=\"text-editor.default\">\n\t\t\t\t\t\t\t\t\t<p class=\"p1\">Hotel Kr\u00edunes is one of the best hotel to experience the Northern Lights awy from pollution that\u2019s perfect for enjoying the magic display of the Northern Lights in unbelievable colours that move across the sky, few hotels on earth that can offer you more ways to witness the Northern lights, also called aurora borealis<span class=\"Apple-converted-space\">\u00a0 <\/span>than\u00a0H\u00f3tel Kr\u00edunes in Iceland.<\/p><p class=\"p1\">Hotel Kr\u00edunes is located in K\u00f3pavogur, the second largest municipality in Iceland, just 15 minutes from the center of Reykjav\u00edk. The hotel is one of the best kept secrets of the capital area, where the advantages of the city and the countryside can be combined in one place.<\/p><p class=\"p1\">Hotel Kr\u00edunes is an ideal choice for guests looking for a peaceful and quiet place away from the hustle and bustle of the city.<\/p><p class=\"p1\">H\u00f3tel Kr\u00ednues is located In the Reykjav\u00edk Capital area which close to 240 thousand people living in in the towns of Reykjav\u00edk, Gar\u00f0ab\u00e6r, Hafnarfj\u00f6r\u00f0ur, Mosfellsb\u00e6r<span class=\"Apple-converted-space\">\u00a0 <\/span>and K\u00f3pavogur, the home town of H\u00f3tel Kr\u00edunes sitting by lake Elli\u00f0avatn. Elli\u00f0avatn is a 2 km\u00b2 are lake and the the Northern Lights sometimes reflects in lake making it outsanding photograpy location if you want to capture this beautiful phenomenon.<span class=\"Apple-converted-space\">\u00a0<\/span><\/p><p class=\"p1\">Between September and to mid March, Iceland is dark from early afternoon until late morning, it&#8217;s quite frequented to see the Aurora dancing in sky.\u00a0<\/p><p class=\"p1\">Iceland, with its\u00a0multiple Glacier&#8217;s ,\u00a0deep fjords and the highland of Iceland is among the\u00a0most beautiful and interesting places\u00a0to see the northern\u00a0lights. A experience that&#8217;ll take your breath away.<span class=\"Apple-converted-space\">\u00a0<\/span><\/p>\t\t\t\t\t\t\t\t<\/div>\n\t\t\t\t\t<\/div>\n\t\t<\/div>\n\t\t\t\t\t<\/div>\n\t\t<\/section>\n\t\t\t\t<section class=\"elementor-section elementor-top-section elementor-element elementor-element-a665f62 elementor-section-boxed elementor-section-height-default elementor-section-height-default\" data-id=\"a665f62\" data-element_type=\"section\" data-e-type=\"section\">\n\t\t\t\t\t\t<div class=\"elementor-container elementor-column-gap-default\">\n\t\t\t\t\t<div class=\"elementor-column elementor-col-100 elementor-top-column elementor-element elementor-element-c24d3ef\" data-id=\"c24d3ef\" data-element_type=\"column\" data-e-type=\"column\">\n\t\t\t<div class=\"elementor-widget-wrap elementor-element-populated\">\n\t\t\t\t\t\t<div class=\"elementor-element elementor-element-c5a8f54 elementor-widget elementor-widget-heading\" data-id=\"c5a8f54\" data-element_type=\"widget\" data-e-type=\"widget\" data-widget_type=\"heading.default\">\n\t\t\t\t\t<h2 class=\"elementor-heading-title elementor-size-default\">We are one of the best hotels in the world to see the Northern Lights <\/h2>\t\t\t\t<\/div>\n\t\t\t\t\t<\/div>\n\t\t<\/div>\n\t\t\t\t\t<\/div>\n\t\t<\/section>\n\t\t\t\t<section class=\"elementor-section elementor-top-section elementor-element elementor-element-10b7139 elementor-section-boxed elementor-section-height-default elementor-section-height-default\" data-id=\"10b7139\" data-element_type=\"section\" data-e-type=\"section\">\n\t\t\t\t\t\t<div class=\"elementor-container elementor-column-gap-default\">\n\t\t\t\t\t<div class=\"elementor-column elementor-col-100 elementor-top-column elementor-element elementor-element-84a523c\" data-id=\"84a523c\" data-element_type=\"column\" data-e-type=\"column\">\n\t\t\t<div class=\"elementor-widget-wrap elementor-element-populated\">\n\t\t\t\t\t\t<div class=\"elementor-element elementor-element-af464aa elementor-headline--style-highlight elementor-widget elementor-widget-animated-headline\" data-id=\"af464aa\" data-element_type=\"widget\" data-e-type=\"widget\" data-settings=\"{&quot;highlighted_text&quot;:&quot;Northern Lights &quot;,&quot;headline_style&quot;:&quot;highlight&quot;,&quot;marker&quot;:&quot;circle&quot;,&quot;loop&quot;:&quot;yes&quot;,&quot;highlight_animation_duration&quot;:1200,&quot;highlight_iteration_delay&quot;:8000}\" data-widget_type=\"animated-headline.default\">\n\t\t\t\t\t\t\t<h3 class=\"elementor-headline\">\n\t\t\t\t\t<span class=\"elementor-headline-plain-text elementor-headline-text-wrapper\">See the amazing <\/span>\n\t\t\t\t<span class=\"elementor-headline-dynamic-wrapper elementor-headline-text-wrapper\">\n\t\t\t\t\t<span class=\"elementor-headline-dynamic-text elementor-headline-text-active\">Northern Lights <\/span>\n\t\t\t\t<\/span>\n\t\t\t\t\t<span class=\"elementor-headline-plain-text elementor-headline-text-wrapper\">or Aurora Borealis<\/span>\n\t\t\t\t\t<\/h3>\n\t\t\t\t\t\t<\/div>\n\t\t\t\t\t<\/div>\n\t\t<\/div>\n\t\t\t\t\t<\/div>\n\t\t<\/section>\n\t\t\t\t<section class=\"elementor-section elementor-top-section elementor-element elementor-element-22cc576 elementor-section-boxed elementor-section-height-default elementor-section-height-default\" data-id=\"22cc576\" data-element_type=\"section\" data-e-type=\"section\">\n\t\t\t\t\t\t<div class=\"elementor-container elementor-column-gap-default\">\n\t\t\t\t\t<div class=\"elementor-column elementor-col-100 elementor-top-column elementor-element elementor-element-8290024\" data-id=\"8290024\" data-element_type=\"column\" data-e-type=\"column\">\n\t\t\t<div class=\"elementor-widget-wrap\">\n\t\t\t\t\t\t\t<\/div>\n\t\t<\/div>\n\t\t\t\t\t<\/div>\n\t\t<\/section>\n\t\t\t\t<\/div>\n\t\t","protected":false},"excerpt":{"rendered":"<p>The Northern Lights Hotel Kr\u00edunes is one of the best hotel to experience the Northern Lights awy from pollution that\u2019s perfect for enjoying the magic display of the Northern Lights in unbelievable colours that move across the sky, few hotels on earth that can offer you more ways to witness the Northern lights, also called [&hellip;]<\/p>\n","protected":false},"author":1,"featured_media":4148,"parent":0,"menu_order":0,"comment_status":"closed","ping_status":"closed","template":"elementor_header_footer","meta":{"inline_featured_image":false,"footnotes":""},"class_list":["post-4147","page","type-page","status-publish","has-post-thumbnail","hentry"],"yoast_head":"<!-- This site is optimized with the Yoast SEO plugin v27.4 - https:\/\/yoast.com\/product\/yoast-seo-wordpress\/ -->\n<title>The Aurora Bore - Kriunes<\/title>\n<meta name=\"robots\" content=\"index, follow, max-snippet:-1, max-image-preview:large, max-video-preview:-1\" \/>\n<link rel=\"canonical\" href=\"https:\/\/kriunes.is\/en\/the-aurora-bore\/\" \/>\n<meta name=\"twitter:card\" content=\"summary_large_image\" \/>\n<meta name=\"twitter:title\" content=\"The Aurora Bore - Kriunes\" \/>\n<meta name=\"twitter:description\" content=\"The Northern Lights Hotel Kr\u00edunes is one of the best hotel to experience the Northern Lights awy from pollution that\u2019s perfect for enjoying the magic display of the Northern Lights in unbelievable colours that move across the sky, few hotels on earth that can offer you more ways to witness the Northern lights, also called [&hellip;]\" \/>\n<meta name=\"twitter:image\" content=\"https:\/\/kriunes.is\/wp-content\/uploads\/2021\/11\/untitled-55@0.25x.jpg\" \/>\n<meta name=\"twitter:label1\" content=\"Est. reading time\" \/>\n\t<meta name=\"twitter:data1\" content=\"2 minutes\" \/>\n<script type=\"application\/ld+json\" class=\"yoast-schema-graph\">{\"@context\":\"https:\\\/\\\/schema.org\",\"@graph\":[{\"@type\":\"WebPage\",\"@id\":\"https:\\\/\\\/kriunes.is\\\/en\\\/the-aurora-bore\\\/\",\"url\":\"https:\\\/\\\/kriunes.is\\\/en\\\/the-aurora-bore\\\/\",\"name\":\"The Aurora Bore - Kriunes\",\"isPartOf\":{\"@id\":\"https:\\\/\\\/kriunes.is\\\/en\\\/#website\"},\"primaryImageOfPage\":{\"@id\":\"https:\\\/\\\/kriunes.is\\\/en\\\/the-aurora-bore\\\/#primaryimage\"},\"image\":{\"@id\":\"https:\\\/\\\/kriunes.is\\\/en\\\/the-aurora-bore\\\/#primaryimage\"},\"thumbnailUrl\":\"https:\\\/\\\/kriunes.is\\\/wp-content\\\/uploads\\\/2021\\\/11\\\/untitled-55@0.25x.jpg\",\"datePublished\":\"2021-11-05T13:17:42+00:00\",\"dateModified\":\"2021-11-05T18:28:53+00:00\",\"breadcrumb\":{\"@id\":\"https:\\\/\\\/kriunes.is\\\/en\\\/the-aurora-bore\\\/#breadcrumb\"},\"inLanguage\":\"en-US\",\"potentialAction\":[{\"@type\":\"ReadAction\",\"target\":[\"https:\\\/\\\/kriunes.is\\\/en\\\/the-aurora-bore\\\/\"]}]},{\"@type\":\"ImageObject\",\"inLanguage\":\"en-US\",\"@id\":\"https:\\\/\\\/kriunes.is\\\/en\\\/the-aurora-bore\\\/#primaryimage\",\"url\":\"https:\\\/\\\/kriunes.is\\\/wp-content\\\/uploads\\\/2021\\\/11\\\/untitled-55@0.25x.jpg\",\"contentUrl\":\"https:\\\/\\\/kriunes.is\\\/wp-content\\\/uploads\\\/2021\\\/11\\\/untitled-55@0.25x.jpg\",\"width\":1824,\"height\":912,\"caption\":\"Northern Lights from Hotel Kriunes in Iceland\"},{\"@type\":\"BreadcrumbList\",\"@id\":\"https:\\\/\\\/kriunes.is\\\/en\\\/the-aurora-bore\\\/#breadcrumb\",\"itemListElement\":[{\"@type\":\"ListItem\",\"position\":1,\"name\":\"Home\",\"item\":\"https:\\\/\\\/kriunes.is\\\/en\\\/\"},{\"@type\":\"ListItem\",\"position\":2,\"name\":\"The Aurora Bore\"}]},{\"@type\":\"WebSite\",\"@id\":\"https:\\\/\\\/kriunes.is\\\/en\\\/#website\",\"url\":\"https:\\\/\\\/kriunes.is\\\/en\\\/\",\"name\":\"Kriunes\",\"description\":\"Iceland\",\"potentialAction\":[{\"@type\":\"SearchAction\",\"target\":{\"@type\":\"EntryPoint\",\"urlTemplate\":\"https:\\\/\\\/kriunes.is\\\/en\\\/?s={search_term_string}\"},\"query-input\":{\"@type\":\"PropertyValueSpecification\",\"valueRequired\":true,\"valueName\":\"search_term_string\"}}],\"inLanguage\":\"en-US\"}]}<\/script>\n<!-- \/ Yoast SEO plugin. -->","yoast_head_json":{"title":"The Aurora Bore - Kriunes","robots":{"index":"index","follow":"follow","max-snippet":"max-snippet:-1","max-image-preview":"max-image-preview:large","max-video-preview":"max-video-preview:-1"},"canonical":"https:\/\/kriunes.is\/en\/the-aurora-bore\/","twitter_card":"summary_large_image","twitter_title":"The Aurora Bore - Kriunes","twitter_description":"The Northern Lights Hotel Kr\u00edunes is one of the best hotel to experience the Northern Lights awy from pollution that\u2019s perfect for enjoying the magic display of the Northern Lights in unbelievable colours that move across the sky, few hotels on earth that can offer you more ways to witness the Northern lights, also called [&hellip;]","twitter_image":"https:\/\/kriunes.is\/wp-content\/uploads\/2021\/11\/untitled-55@0.25x.jpg","twitter_misc":{"Est. reading time":"2 minutes"},"schema":{"@context":"https:\/\/schema.org","@graph":[{"@type":"WebPage","@id":"https:\/\/kriunes.is\/en\/the-aurora-bore\/","url":"https:\/\/kriunes.is\/en\/the-aurora-bore\/","name":"The Aurora Bore - Kriunes","isPartOf":{"@id":"https:\/\/kriunes.is\/en\/#website"},"primaryImageOfPage":{"@id":"https:\/\/kriunes.is\/en\/the-aurora-bore\/#primaryimage"},"image":{"@id":"https:\/\/kriunes.is\/en\/the-aurora-bore\/#primaryimage"},"thumbnailUrl":"https:\/\/kriunes.is\/wp-content\/uploads\/2021\/11\/untitled-55@0.25x.jpg","datePublished":"2021-11-05T13:17:42+00:00","dateModified":"2021-11-05T18:28:53+00:00","breadcrumb":{"@id":"https:\/\/kriunes.is\/en\/the-aurora-bore\/#breadcrumb"},"inLanguage":"en-US","potentialAction":[{"@type":"ReadAction","target":["https:\/\/kriunes.is\/en\/the-aurora-bore\/"]}]},{"@type":"ImageObject","inLanguage":"en-US","@id":"https:\/\/kriunes.is\/en\/the-aurora-bore\/#primaryimage","url":"https:\/\/kriunes.is\/wp-content\/uploads\/2021\/11\/untitled-55@0.25x.jpg","contentUrl":"https:\/\/kriunes.is\/wp-content\/uploads\/2021\/11\/untitled-55@0.25x.jpg","width":1824,"height":912,"caption":"Northern Lights from Hotel Kriunes in Iceland"},{"@type":"BreadcrumbList","@id":"https:\/\/kriunes.is\/en\/the-aurora-bore\/#breadcrumb","itemListElement":[{"@type":"ListItem","position":1,"name":"Home","item":"https:\/\/kriunes.is\/en\/"},{"@type":"ListItem","position":2,"name":"The Aurora Bore"}]},{"@type":"WebSite","@id":"https:\/\/kriunes.is\/en\/#website","url":"https:\/\/kriunes.is\/en\/","name":"Kriunes","description":"Iceland","potentialAction":[{"@type":"SearchAction","target":{"@type":"EntryPoint","urlTemplate":"https:\/\/kriunes.is\/en\/?s={search_term_string}"},"query-input":{"@type":"PropertyValueSpecification","valueRequired":true,"valueName":"search_term_string"}}],"inLanguage":"en-US"}]}},"_links":{"self":[{"href":"https:\/\/kriunes.is\/en\/wp-json\/wp\/v2\/pages\/4147","targetHints":{"allow":["GET"]}}],"collection":[{"href":"https:\/\/kriunes.is\/en\/wp-json\/wp\/v2\/pages"}],"about":[{"href":"https:\/\/kriunes.is\/en\/wp-json\/wp\/v2\/types\/page"}],"author":[{"embeddable":true,"href":"https:\/\/kriunes.is\/en\/wp-json\/wp\/v2\/users\/1"}],"replies":[{"embeddable":true,"href":"https:\/\/kriunes.is\/en\/wp-json\/wp\/v2\/comments?post=4147"}],"version-history":[{"count":14,"href":"https:\/\/kriunes.is\/en\/wp-json\/wp\/v2\/pages\/4147\/revisions"}],"predecessor-version":[{"id":4166,"href":"https:\/\/kriunes.is\/en\/wp-json\/wp\/v2\/pages\/4147\/revisions\/4166"}],"wp:featuredmedia":[{"embeddable":true,"href":"https:\/\/kriunes.is\/en\/wp-json\/wp\/v2\/media\/4148"}],"wp:attachment":[{"href":"https:\/\/kriunes.is\/en\/wp-json\/wp\/v2\/media?parent=4147"}],"curies":[{"name":"wp","href":"https:\/\/api.w.org\/{rel}","templated":true}]}}