{"id":852,"date":"2021-05-26T03:40:44","date_gmt":"2021-05-26T03:40:44","guid":{"rendered":"https:\/\/kriunes.is\/?page_id=852"},"modified":"2023-08-02T20:00:19","modified_gmt":"2023-08-02T20:00:19","slug":"local-area-activity","status":"publish","type":"page","link":"https:\/\/kriunes.is\/en\/local-area-activity\/","title":{"rendered":"Local Area &#8211; Activity"},"content":{"rendered":"\t\t<div data-elementor-type=\"wp-page\" data-elementor-id=\"852\" class=\"elementor elementor-852\" data-elementor-post-type=\"page\">\n\t\t\t\t\t\t<section class=\"elementor-section elementor-top-section elementor-element elementor-element-4c6998c9 elementor-section-height-min-height elementor-section-boxed elementor-section-height-default elementor-section-items-middle\" data-id=\"4c6998c9\" data-element_type=\"section\" data-e-type=\"section\" data-settings=\"{&quot;background_background&quot;:&quot;classic&quot;,&quot;background_motion_fx_motion_fx_scrolling&quot;:&quot;yes&quot;,&quot;background_motion_fx_translateY_effect&quot;:&quot;yes&quot;,&quot;background_motion_fx_translateY_speed&quot;:{&quot;unit&quot;:&quot;px&quot;,&quot;size&quot;:4,&quot;sizes&quot;:[]},&quot;background_motion_fx_translateY_affectedRange&quot;:{&quot;unit&quot;:&quot;%&quot;,&quot;size&quot;:&quot;&quot;,&quot;sizes&quot;:{&quot;start&quot;:0,&quot;end&quot;:100}},&quot;background_motion_fx_devices&quot;:[&quot;desktop&quot;,&quot;tablet&quot;,&quot;mobile&quot;]}\">\n\t\t\t\t\t\t\t<div class=\"elementor-background-overlay\"><\/div>\n\t\t\t\t\t\t\t<div class=\"elementor-container elementor-column-gap-default\">\n\t\t\t\t\t<div class=\"elementor-column elementor-col-100 elementor-top-column elementor-element elementor-element-d583a\" data-id=\"d583a\" data-element_type=\"column\" data-e-type=\"column\">\n\t\t\t<div class=\"elementor-widget-wrap elementor-element-populated\">\n\t\t\t\t\t\t<section class=\"elementor-section elementor-inner-section elementor-element elementor-element-508e92c8 elementor-section-boxed elementor-section-height-default elementor-section-height-default\" data-id=\"508e92c8\" data-element_type=\"section\" data-e-type=\"section\">\n\t\t\t\t\t\t<div class=\"elementor-container elementor-column-gap-default\">\n\t\t\t\t\t<div class=\"elementor-column elementor-col-100 elementor-inner-column elementor-element elementor-element-5274b16e\" data-id=\"5274b16e\" data-element_type=\"column\" data-e-type=\"column\">\n\t\t\t<div class=\"elementor-widget-wrap elementor-element-populated\">\n\t\t\t\t\t\t<div class=\"elementor-element elementor-element-349855b4 elementor-widget elementor-widget-heading\" data-id=\"349855b4\" data-element_type=\"widget\" data-e-type=\"widget\" data-widget_type=\"heading.default\">\n\t\t\t\t\t<h2 class=\"elementor-heading-title elementor-size-default\">Activity<\/h2>\t\t\t\t<\/div>\n\t\t\t\t\t<\/div>\n\t\t<\/div>\n\t\t\t\t\t<\/div>\n\t\t<\/section>\n\t\t\t\t\t<\/div>\n\t\t<\/div>\n\t\t\t\t\t<\/div>\n\t\t<\/section>\n\t\t\t\t<section class=\"elementor-section elementor-top-section elementor-element elementor-element-8536b42 elementor-section-boxed elementor-section-height-default elementor-section-height-default\" data-id=\"8536b42\" data-element_type=\"section\" data-e-type=\"section\">\n\t\t\t\t\t\t<div class=\"elementor-container elementor-column-gap-default\">\n\t\t\t\t\t<div class=\"elementor-column elementor-col-100 elementor-top-column elementor-element elementor-element-ef69c51\" data-id=\"ef69c51\" data-element_type=\"column\" data-e-type=\"column\">\n\t\t\t<div class=\"elementor-widget-wrap elementor-element-populated\">\n\t\t\t\t\t\t<div class=\"elementor-element elementor-element-2660749 elementor-widget elementor-widget-spacer\" data-id=\"2660749\" data-element_type=\"widget\" data-e-type=\"widget\" data-widget_type=\"spacer.default\">\n\t\t\t\t\t\t\t<div class=\"elementor-spacer\">\n\t\t\t<div class=\"elementor-spacer-inner\"><\/div>\n\t\t<\/div>\n\t\t\t\t\t\t<\/div>\n\t\t\t\t\t<\/div>\n\t\t<\/div>\n\t\t\t\t\t<\/div>\n\t\t<\/section>\n\t\t\t\t<section class=\"elementor-section elementor-top-section elementor-element elementor-element-0751527 elementor-section-boxed elementor-section-height-default elementor-section-height-default\" data-id=\"0751527\" data-element_type=\"section\" data-e-type=\"section\">\n\t\t\t\t\t\t<div class=\"elementor-container elementor-column-gap-default\">\n\t\t\t\t\t<div class=\"elementor-column elementor-col-100 elementor-top-column elementor-element elementor-element-7112ef9\" data-id=\"7112ef9\" data-element_type=\"column\" data-e-type=\"column\">\n\t\t\t<div class=\"elementor-widget-wrap elementor-element-populated\">\n\t\t\t\t\t\t<div class=\"elementor-element elementor-element-f3d24c2 elementor-widget elementor-widget-heading\" data-id=\"f3d24c2\" data-element_type=\"widget\" data-e-type=\"widget\" data-widget_type=\"heading.default\">\n\t\t\t\t\t<h2 class=\"elementor-heading-title elementor-size-default\">Iceland has plenty of fun activities that families can enjoy during their visit.<\/h2>\t\t\t\t<\/div>\n\t\t\t\t<div class=\"elementor-element elementor-element-7a9789c elementor-widget elementor-widget-spacer\" data-id=\"7a9789c\" data-element_type=\"widget\" data-e-type=\"widget\" data-widget_type=\"spacer.default\">\n\t\t\t\t\t\t\t<div class=\"elementor-spacer\">\n\t\t\t<div class=\"elementor-spacer-inner\"><\/div>\n\t\t<\/div>\n\t\t\t\t\t\t<\/div>\n\t\t\t\t\t<\/div>\n\t\t<\/div>\n\t\t\t\t\t<\/div>\n\t\t<\/section>\n\t\t\t\t<section class=\"elementor-section elementor-top-section elementor-element elementor-element-cc3c253 elementor-section-boxed elementor-section-height-default elementor-section-height-default\" data-id=\"cc3c253\" data-element_type=\"section\" data-e-type=\"section\">\n\t\t\t\t\t\t<div class=\"elementor-container elementor-column-gap-default\">\n\t\t\t\t\t<div class=\"elementor-column elementor-col-100 elementor-top-column elementor-element elementor-element-018f001\" data-id=\"018f001\" data-element_type=\"column\" data-e-type=\"column\">\n\t\t\t<div class=\"elementor-widget-wrap elementor-element-populated\">\n\t\t\t\t\t\t<div class=\"elementor-element elementor-element-6edea21 elementor-position-left elementor-vertical-align-top elementor-widget elementor-widget-image-box\" data-id=\"6edea21\" data-element_type=\"widget\" data-e-type=\"widget\" data-widget_type=\"image-box.default\">\n\t\t\t\t\t<div class=\"elementor-image-box-wrapper\"><figure class=\"elementor-image-box-img\"><a href=\"https:\/\/vikinghorses.is\/\" target=\"_blank\" tabindex=\"-1\"><img fetchpriority=\"high\" decoding=\"async\" width=\"1920\" height=\"1378\" src=\"https:\/\/kriunes.is\/wp-content\/uploads\/2022\/11\/jonatan-pie-83WhhssMx2I-unsplash.jpg\" class=\"attachment-full size-full wp-image-5080\" alt=\"\" srcset=\"https:\/\/kriunes.is\/wp-content\/uploads\/2022\/11\/jonatan-pie-83WhhssMx2I-unsplash.jpg 1920w, https:\/\/kriunes.is\/wp-content\/uploads\/2022\/11\/jonatan-pie-83WhhssMx2I-unsplash-300x215.jpg 300w, https:\/\/kriunes.is\/wp-content\/uploads\/2022\/11\/jonatan-pie-83WhhssMx2I-unsplash-1024x735.jpg 1024w, https:\/\/kriunes.is\/wp-content\/uploads\/2022\/11\/jonatan-pie-83WhhssMx2I-unsplash-768x551.jpg 768w, https:\/\/kriunes.is\/wp-content\/uploads\/2022\/11\/jonatan-pie-83WhhssMx2I-unsplash-1536x1102.jpg 1536w, https:\/\/kriunes.is\/wp-content\/uploads\/2022\/11\/jonatan-pie-83WhhssMx2I-unsplash-600x431.jpg 600w, https:\/\/kriunes.is\/wp-content\/uploads\/2022\/11\/jonatan-pie-83WhhssMx2I-unsplash-100x72.jpg 100w\" sizes=\"(max-width: 1920px) 100vw, 1920px\" \/><\/a><\/figure><div class=\"elementor-image-box-content\"><h3 class=\"elementor-image-box-title\"><a href=\"https:\/\/vikinghorses.is\/\" target=\"_blank\">Viking Horses - Horse riding for small and private groups<\/a><\/h3><p class=\"elementor-image-box-description\">Enjoy horseback riding in the Icelandic nature on the Icelandic horse which is one of the oldest breeds in the world. S\u00f3lhestar is a horse tour company that offers different tour combinations with tours going from Reykjav\u00edk and \u00d6lfus. <\/p><\/div><\/div>\t\t\t\t<\/div>\n\t\t\t\t<div class=\"elementor-element elementor-element-5ee35a9 elementor-position-left elementor-vertical-align-top elementor-widget elementor-widget-image-box\" data-id=\"5ee35a9\" data-element_type=\"widget\" data-e-type=\"widget\" data-widget_type=\"image-box.default\">\n\t\t\t\t\t<div class=\"elementor-image-box-wrapper\"><figure class=\"elementor-image-box-img\"><a href=\"https:\/\/solhestar.is\/\" target=\"_blank\" tabindex=\"-1\"><img decoding=\"async\" width=\"1920\" height=\"1280\" src=\"https:\/\/kriunes.is\/wp-content\/uploads\/2022\/11\/theodor-vasile-BmpJ0YDW5vg-unsplash.jpg\" class=\"attachment-full size-full wp-image-5071\" alt=\"\" srcset=\"https:\/\/kriunes.is\/wp-content\/uploads\/2022\/11\/theodor-vasile-BmpJ0YDW5vg-unsplash.jpg 1920w, https:\/\/kriunes.is\/wp-content\/uploads\/2022\/11\/theodor-vasile-BmpJ0YDW5vg-unsplash-300x200.jpg 300w, https:\/\/kriunes.is\/wp-content\/uploads\/2022\/11\/theodor-vasile-BmpJ0YDW5vg-unsplash-1024x683.jpg 1024w, https:\/\/kriunes.is\/wp-content\/uploads\/2022\/11\/theodor-vasile-BmpJ0YDW5vg-unsplash-768x512.jpg 768w, https:\/\/kriunes.is\/wp-content\/uploads\/2022\/11\/theodor-vasile-BmpJ0YDW5vg-unsplash-1536x1024.jpg 1536w, https:\/\/kriunes.is\/wp-content\/uploads\/2022\/11\/theodor-vasile-BmpJ0YDW5vg-unsplash-600x400.jpg 600w, https:\/\/kriunes.is\/wp-content\/uploads\/2022\/11\/theodor-vasile-BmpJ0YDW5vg-unsplash-100x67.jpg 100w\" sizes=\"(max-width: 1920px) 100vw, 1920px\" \/><\/a><\/figure><div class=\"elementor-image-box-content\"><h3 class=\"elementor-image-box-title\"><a href=\"https:\/\/solhestar.is\/\" target=\"_blank\">S\u00f3lhestar - Horse riding<\/a><\/h3><p class=\"elementor-image-box-description\">Enjoy horseback riding in the Icelandic nature on the Icelandic horse which is one of the oldest breeds in the world. S\u00f3lhestar is a horse tour company that offers different tour combinations with tours going from Reykjav\u00edk and \u00d6lfus. <\/p><\/div><\/div>\t\t\t\t<\/div>\n\t\t\t\t<div class=\"elementor-element elementor-element-4886db5 elementor-position-left elementor-vertical-align-top elementor-widget elementor-widget-image-box\" data-id=\"4886db5\" data-element_type=\"widget\" data-e-type=\"widget\" data-widget_type=\"image-box.default\">\n\t\t\t\t\t<div class=\"elementor-image-box-wrapper\"><figure class=\"elementor-image-box-img\"><a href=\"https:\/\/safari.is\/\" target=\"_blank\" tabindex=\"-1\"><img decoding=\"async\" width=\"1920\" height=\"1280\" src=\"https:\/\/kriunes.is\/wp-content\/uploads\/2022\/11\/ATVs.jpeg\" class=\"attachment-full size-full wp-image-5093\" alt=\"\" srcset=\"https:\/\/kriunes.is\/wp-content\/uploads\/2022\/11\/ATVs.jpeg 1920w, https:\/\/kriunes.is\/wp-content\/uploads\/2022\/11\/ATVs-300x200.jpeg 300w, https:\/\/kriunes.is\/wp-content\/uploads\/2022\/11\/ATVs-1024x683.jpeg 1024w, https:\/\/kriunes.is\/wp-content\/uploads\/2022\/11\/ATVs-768x512.jpeg 768w, https:\/\/kriunes.is\/wp-content\/uploads\/2022\/11\/ATVs-1536x1024.jpeg 1536w, https:\/\/kriunes.is\/wp-content\/uploads\/2022\/11\/ATVs-600x400.jpeg 600w, https:\/\/kriunes.is\/wp-content\/uploads\/2022\/11\/ATVs-100x67.jpeg 100w\" sizes=\"(max-width: 1920px) 100vw, 1920px\" \/><\/a><\/figure><div class=\"elementor-image-box-content\"><h3 class=\"elementor-image-box-title\"><a href=\"https:\/\/safari.is\/\" target=\"_blank\">ATV, buggy and snowmobiling tours<\/a><\/h3><p class=\"elementor-image-box-description\">Explore Iceland in a different way on an ATV, buggy or go snowmobiling in the winter. Safari is an ATV and buggy operator with combinations of tours. <\/p><\/div><\/div>\t\t\t\t<\/div>\n\t\t\t\t<div class=\"elementor-element elementor-element-831e94d elementor-position-left elementor-vertical-align-top elementor-widget elementor-widget-image-box\" data-id=\"831e94d\" data-element_type=\"widget\" data-e-type=\"widget\" data-widget_type=\"image-box.default\">\n\t\t\t\t\t<div class=\"elementor-image-box-wrapper\"><figure class=\"elementor-image-box-img\"><a href=\"https:\/\/volcanotrails.com\/\" target=\"_blank\" tabindex=\"-1\"><img loading=\"lazy\" decoding=\"async\" width=\"1920\" height=\"1199\" src=\"https:\/\/kriunes.is\/wp-content\/uploads\/2022\/11\/krisztian-korhetz-gDG_FkVvq98-unsplash.jpg\" class=\"attachment-full size-full wp-image-5099\" alt=\"\" srcset=\"https:\/\/kriunes.is\/wp-content\/uploads\/2022\/11\/krisztian-korhetz-gDG_FkVvq98-unsplash.jpg 1920w, https:\/\/kriunes.is\/wp-content\/uploads\/2022\/11\/krisztian-korhetz-gDG_FkVvq98-unsplash-300x187.jpg 300w, https:\/\/kriunes.is\/wp-content\/uploads\/2022\/11\/krisztian-korhetz-gDG_FkVvq98-unsplash-1024x639.jpg 1024w, https:\/\/kriunes.is\/wp-content\/uploads\/2022\/11\/krisztian-korhetz-gDG_FkVvq98-unsplash-768x480.jpg 768w, https:\/\/kriunes.is\/wp-content\/uploads\/2022\/11\/krisztian-korhetz-gDG_FkVvq98-unsplash-1536x959.jpg 1536w, https:\/\/kriunes.is\/wp-content\/uploads\/2022\/11\/krisztian-korhetz-gDG_FkVvq98-unsplash-600x375.jpg 600w, https:\/\/kriunes.is\/wp-content\/uploads\/2022\/11\/krisztian-korhetz-gDG_FkVvq98-unsplash-100x62.jpg 100w\" sizes=\"(max-width: 1920px) 100vw, 1920px\" \/><\/a><\/figure><div class=\"elementor-image-box-content\"><h3 class=\"elementor-image-box-title\"><a href=\"https:\/\/volcanotrails.com\/\" target=\"_blank\">Volcano Trails<\/a><\/h3><p class=\"elementor-image-box-description\">The best hidden and hard to reach places are the ones worth exploring. Volcano Trails &amp; Basecamps open up a world of discoveries for you to explore, off the beaten track.\n<\/p><\/div><\/div>\t\t\t\t<\/div>\n\t\t\t\t<div class=\"elementor-element elementor-element-dc25a62 elementor-position-left elementor-vertical-align-top elementor-widget elementor-widget-image-box\" data-id=\"dc25a62\" data-element_type=\"widget\" data-e-type=\"widget\" data-widget_type=\"image-box.default\">\n\t\t\t\t\t<div class=\"elementor-image-box-wrapper\"><figure class=\"elementor-image-box-img\"><a href=\"https:\/\/www.rushiceland.is\/\" target=\"_blank\" tabindex=\"-1\"><img loading=\"lazy\" decoding=\"async\" width=\"1920\" height=\"1280\" src=\"https:\/\/kriunes.is\/wp-content\/uploads\/2021\/05\/RUSH-BIRMINGHAM-LAUNCH-PARTY-129-scaled.jpeg\" class=\"attachment-full size-full wp-image-875\" alt=\"\" srcset=\"https:\/\/kriunes.is\/wp-content\/uploads\/2021\/05\/RUSH-BIRMINGHAM-LAUNCH-PARTY-129-scaled.jpeg 1920w, https:\/\/kriunes.is\/wp-content\/uploads\/2021\/05\/RUSH-BIRMINGHAM-LAUNCH-PARTY-129-scaled-600x400.jpeg 600w, https:\/\/kriunes.is\/wp-content\/uploads\/2021\/05\/RUSH-BIRMINGHAM-LAUNCH-PARTY-129-300x200.jpeg 300w, https:\/\/kriunes.is\/wp-content\/uploads\/2021\/05\/RUSH-BIRMINGHAM-LAUNCH-PARTY-129-1024x683.jpeg 1024w, https:\/\/kriunes.is\/wp-content\/uploads\/2021\/05\/RUSH-BIRMINGHAM-LAUNCH-PARTY-129-768x512.jpeg 768w, https:\/\/kriunes.is\/wp-content\/uploads\/2021\/05\/RUSH-BIRMINGHAM-LAUNCH-PARTY-129-1536x1024.jpeg 1536w, https:\/\/kriunes.is\/wp-content\/uploads\/2021\/05\/RUSH-BIRMINGHAM-LAUNCH-PARTY-129-2048x1365.jpeg 2048w\" sizes=\"(max-width: 1920px) 100vw, 1920px\" \/><\/a><\/figure><div class=\"elementor-image-box-content\"><h3 class=\"elementor-image-box-title\"><a href=\"https:\/\/www.rushiceland.is\/\" target=\"_blank\">Rush trampoline park<\/a><\/h3><p class=\"elementor-image-box-description\">Rush is a 2200 sqm trampoline park and is the largest indoor trampoline and recreation park in Iceland. Rush has entertainment for all ages. Rush is open all days from 10am - 7pm.\nFrom 10-11 am on weekends is a special play time for ages from 0-5 years. \n<\/p><\/div><\/div>\t\t\t\t<\/div>\n\t\t\t\t<div class=\"elementor-element elementor-element-28053ec elementor-position-left elementor-vertical-align-top elementor-widget elementor-widget-image-box\" data-id=\"28053ec\" data-element_type=\"widget\" data-e-type=\"widget\" data-widget_type=\"image-box.default\">\n\t\t\t\t\t<div class=\"elementor-image-box-wrapper\"><figure class=\"elementor-image-box-img\"><a href=\"https:\/\/www.smarabio.is\/\" target=\"_blank\" tabindex=\"-1\"><img loading=\"lazy\" decoding=\"async\" width=\"999\" height=\"653\" src=\"https:\/\/kriunes.is\/wp-content\/uploads\/2021\/06\/smarabio_01.jpeg\" class=\"attachment-full size-full wp-image-1034\" alt=\"\" srcset=\"https:\/\/kriunes.is\/wp-content\/uploads\/2021\/06\/smarabio_01.jpeg 999w, https:\/\/kriunes.is\/wp-content\/uploads\/2021\/06\/smarabio_01-600x392.jpeg 600w, https:\/\/kriunes.is\/wp-content\/uploads\/2021\/06\/smarabio_01-300x196.jpeg 300w, https:\/\/kriunes.is\/wp-content\/uploads\/2021\/06\/smarabio_01-768x502.jpeg 768w\" sizes=\"(max-width: 999px) 100vw, 999px\" \/><\/a><\/figure><div class=\"elementor-image-box-content\"><h3 class=\"elementor-image-box-title\"><a href=\"https:\/\/www.smarabio.is\/\" target=\"_blank\">Smarabio cinema<\/a><\/h3><p class=\"elementor-image-box-description\">Smarabio seats about 1,000 people and has Dolby Atmos sound system and perfect digital technology in all five halls. \nSm\u00e1rab\u00ed\u00f3 opens at 3 pm on weekdays and 12.30 on weekends.\n<\/p><\/div><\/div>\t\t\t\t<\/div>\n\t\t\t\t\t<\/div>\n\t\t<\/div>\n\t\t\t\t\t<\/div>\n\t\t<\/section>\n\t\t\t\t<\/div>\n\t\t","protected":false},"excerpt":{"rendered":"<p>Activity Iceland has plenty of fun activities that families can enjoy during their visit. Viking Horses &#8211; Horse riding for small and private groups Enjoy horseback riding in the Icelandic nature on the Icelandic horse which is one of the oldest breeds in the world. S\u00f3lhestar is a horse tour company that offers different tour [&hellip;]<\/p>\n","protected":false},"author":1,"featured_media":0,"parent":0,"menu_order":0,"comment_status":"closed","ping_status":"closed","template":"","meta":{"inline_featured_image":false,"footnotes":""},"class_list":["post-852","page","type-page","status-publish","hentry"],"yoast_head":"<!-- This site is optimized with the Yoast SEO plugin v27.4 - https:\/\/yoast.com\/product\/yoast-seo-wordpress\/ -->\n<title>Local Area - Activity - Kriunes<\/title>\n<meta name=\"robots\" content=\"index, follow, max-snippet:-1, max-image-preview:large, max-video-preview:-1\" \/>\n<link rel=\"canonical\" href=\"https:\/\/kriunes.is\/en\/local-area-activity\/\" \/>\n<meta name=\"twitter:card\" content=\"summary_large_image\" \/>\n<meta name=\"twitter:title\" content=\"Local Area - Activity - Kriunes\" \/>\n<meta name=\"twitter:description\" content=\"Activity Iceland has plenty of fun activities that families can enjoy during their visit. Viking Horses &#8211; Horse riding for small and private groups Enjoy horseback riding in the Icelandic nature on the Icelandic horse which is one of the oldest breeds in the world. S\u00f3lhestar is a horse tour company that offers different tour [&hellip;]\" \/>\n<meta name=\"twitter:image\" content=\"https:\/\/kriunes.is\/wp-content\/uploads\/2022\/11\/jonatan-pie-83WhhssMx2I-unsplash.jpg\" \/>\n<meta name=\"twitter:label1\" content=\"Est. reading time\" \/>\n\t<meta name=\"twitter:data1\" content=\"3 minutes\" \/>\n<script type=\"application\/ld+json\" class=\"yoast-schema-graph\">{\"@context\":\"https:\\\/\\\/schema.org\",\"@graph\":[{\"@type\":\"WebPage\",\"@id\":\"https:\\\/\\\/kriunes.is\\\/en\\\/local-area-activity\\\/\",\"url\":\"https:\\\/\\\/kriunes.is\\\/en\\\/local-area-activity\\\/\",\"name\":\"Local Area - Activity - Kriunes\",\"isPartOf\":{\"@id\":\"https:\\\/\\\/kriunes.is\\\/en\\\/#website\"},\"primaryImageOfPage\":{\"@id\":\"https:\\\/\\\/kriunes.is\\\/en\\\/local-area-activity\\\/#primaryimage\"},\"image\":{\"@id\":\"https:\\\/\\\/kriunes.is\\\/en\\\/local-area-activity\\\/#primaryimage\"},\"thumbnailUrl\":\"https:\\\/\\\/kriunes.is\\\/wp-content\\\/uploads\\\/2022\\\/11\\\/jonatan-pie-83WhhssMx2I-unsplash.jpg\",\"datePublished\":\"2021-05-26T03:40:44+00:00\",\"dateModified\":\"2023-08-02T20:00:19+00:00\",\"breadcrumb\":{\"@id\":\"https:\\\/\\\/kriunes.is\\\/en\\\/local-area-activity\\\/#breadcrumb\"},\"inLanguage\":\"en-US\",\"potentialAction\":[{\"@type\":\"ReadAction\",\"target\":[\"https:\\\/\\\/kriunes.is\\\/en\\\/local-area-activity\\\/\"]}]},{\"@type\":\"ImageObject\",\"inLanguage\":\"en-US\",\"@id\":\"https:\\\/\\\/kriunes.is\\\/en\\\/local-area-activity\\\/#primaryimage\",\"url\":\"https:\\\/\\\/kriunes.is\\\/wp-content\\\/uploads\\\/2022\\\/11\\\/jonatan-pie-83WhhssMx2I-unsplash.jpg\",\"contentUrl\":\"https:\\\/\\\/kriunes.is\\\/wp-content\\\/uploads\\\/2022\\\/11\\\/jonatan-pie-83WhhssMx2I-unsplash.jpg\"},{\"@type\":\"BreadcrumbList\",\"@id\":\"https:\\\/\\\/kriunes.is\\\/en\\\/local-area-activity\\\/#breadcrumb\",\"itemListElement\":[{\"@type\":\"ListItem\",\"position\":1,\"name\":\"Home\",\"item\":\"https:\\\/\\\/kriunes.is\\\/en\\\/\"},{\"@type\":\"ListItem\",\"position\":2,\"name\":\"Local Area &#8211; Activity\"}]},{\"@type\":\"WebSite\",\"@id\":\"https:\\\/\\\/kriunes.is\\\/en\\\/#website\",\"url\":\"https:\\\/\\\/kriunes.is\\\/en\\\/\",\"name\":\"Kriunes\",\"description\":\"Iceland\",\"potentialAction\":[{\"@type\":\"SearchAction\",\"target\":{\"@type\":\"EntryPoint\",\"urlTemplate\":\"https:\\\/\\\/kriunes.is\\\/en\\\/?s={search_term_string}\"},\"query-input\":{\"@type\":\"PropertyValueSpecification\",\"valueRequired\":true,\"valueName\":\"search_term_string\"}}],\"inLanguage\":\"en-US\"}]}<\/script>\n<!-- \/ Yoast SEO plugin. -->","yoast_head_json":{"title":"Local Area - Activity - Kriunes","robots":{"index":"index","follow":"follow","max-snippet":"max-snippet:-1","max-image-preview":"max-image-preview:large","max-video-preview":"max-video-preview:-1"},"canonical":"https:\/\/kriunes.is\/en\/local-area-activity\/","twitter_card":"summary_large_image","twitter_title":"Local Area - Activity - Kriunes","twitter_description":"Activity Iceland has plenty of fun activities that families can enjoy during their visit. Viking Horses &#8211; Horse riding for small and private groups Enjoy horseback riding in the Icelandic nature on the Icelandic horse which is one of the oldest breeds in the world. S\u00f3lhestar is a horse tour company that offers different tour [&hellip;]","twitter_image":"https:\/\/kriunes.is\/wp-content\/uploads\/2022\/11\/jonatan-pie-83WhhssMx2I-unsplash.jpg","twitter_misc":{"Est. reading time":"3 minutes"},"schema":{"@context":"https:\/\/schema.org","@graph":[{"@type":"WebPage","@id":"https:\/\/kriunes.is\/en\/local-area-activity\/","url":"https:\/\/kriunes.is\/en\/local-area-activity\/","name":"Local Area - Activity - Kriunes","isPartOf":{"@id":"https:\/\/kriunes.is\/en\/#website"},"primaryImageOfPage":{"@id":"https:\/\/kriunes.is\/en\/local-area-activity\/#primaryimage"},"image":{"@id":"https:\/\/kriunes.is\/en\/local-area-activity\/#primaryimage"},"thumbnailUrl":"https:\/\/kriunes.is\/wp-content\/uploads\/2022\/11\/jonatan-pie-83WhhssMx2I-unsplash.jpg","datePublished":"2021-05-26T03:40:44+00:00","dateModified":"2023-08-02T20:00:19+00:00","breadcrumb":{"@id":"https:\/\/kriunes.is\/en\/local-area-activity\/#breadcrumb"},"inLanguage":"en-US","potentialAction":[{"@type":"ReadAction","target":["https:\/\/kriunes.is\/en\/local-area-activity\/"]}]},{"@type":"ImageObject","inLanguage":"en-US","@id":"https:\/\/kriunes.is\/en\/local-area-activity\/#primaryimage","url":"https:\/\/kriunes.is\/wp-content\/uploads\/2022\/11\/jonatan-pie-83WhhssMx2I-unsplash.jpg","contentUrl":"https:\/\/kriunes.is\/wp-content\/uploads\/2022\/11\/jonatan-pie-83WhhssMx2I-unsplash.jpg"},{"@type":"BreadcrumbList","@id":"https:\/\/kriunes.is\/en\/local-area-activity\/#breadcrumb","itemListElement":[{"@type":"ListItem","position":1,"name":"Home","item":"https:\/\/kriunes.is\/en\/"},{"@type":"ListItem","position":2,"name":"Local Area &#8211; Activity"}]},{"@type":"WebSite","@id":"https:\/\/kriunes.is\/en\/#website","url":"https:\/\/kriunes.is\/en\/","name":"Kriunes","description":"Iceland","potentialAction":[{"@type":"SearchAction","target":{"@type":"EntryPoint","urlTemplate":"https:\/\/kriunes.is\/en\/?s={search_term_string}"},"query-input":{"@type":"PropertyValueSpecification","valueRequired":true,"valueName":"search_term_string"}}],"inLanguage":"en-US"}]}},"_links":{"self":[{"href":"https:\/\/kriunes.is\/en\/wp-json\/wp\/v2\/pages\/852","targetHints":{"allow":["GET"]}}],"collection":[{"href":"https:\/\/kriunes.is\/en\/wp-json\/wp\/v2\/pages"}],"about":[{"href":"https:\/\/kriunes.is\/en\/wp-json\/wp\/v2\/types\/page"}],"author":[{"embeddable":true,"href":"https:\/\/kriunes.is\/en\/wp-json\/wp\/v2\/users\/1"}],"replies":[{"embeddable":true,"href":"https:\/\/kriunes.is\/en\/wp-json\/wp\/v2\/comments?post=852"}],"version-history":[{"count":110,"href":"https:\/\/kriunes.is\/en\/wp-json\/wp\/v2\/pages\/852\/revisions"}],"predecessor-version":[{"id":5729,"href":"https:\/\/kriunes.is\/en\/wp-json\/wp\/v2\/pages\/852\/revisions\/5729"}],"wp:attachment":[{"href":"https:\/\/kriunes.is\/en\/wp-json\/wp\/v2\/media?parent=852"}],"curies":[{"name":"wp","href":"https:\/\/api.w.org\/{rel}","templated":true}]}}