{"id":894,"date":"2021-05-26T04:18:16","date_gmt":"2021-05-26T04:18:16","guid":{"rendered":"https:\/\/kriunes.is\/?page_id=894"},"modified":"2021-09-21T08:45:53","modified_gmt":"2021-09-21T08:45:53","slug":"local-area-shop","status":"publish","type":"page","link":"https:\/\/kriunes.is\/en\/local-area-shop\/","title":{"rendered":"Local Area &#8211; Shop"},"content":{"rendered":"\t\t<div data-elementor-type=\"wp-page\" data-elementor-id=\"894\" class=\"elementor elementor-894\" data-elementor-post-type=\"page\">\n\t\t\t\t\t\t<section class=\"elementor-section elementor-top-section elementor-element elementor-element-2294d1f4 elementor-section-height-min-height elementor-section-boxed elementor-section-height-default elementor-section-items-middle\" data-id=\"2294d1f4\" data-element_type=\"section\" data-e-type=\"section\" data-settings=\"{&quot;background_background&quot;:&quot;classic&quot;,&quot;background_motion_fx_motion_fx_scrolling&quot;:&quot;yes&quot;,&quot;background_motion_fx_translateY_effect&quot;:&quot;yes&quot;,&quot;background_motion_fx_translateY_speed&quot;:{&quot;unit&quot;:&quot;px&quot;,&quot;size&quot;:4,&quot;sizes&quot;:[]},&quot;background_motion_fx_translateY_affectedRange&quot;:{&quot;unit&quot;:&quot;%&quot;,&quot;size&quot;:&quot;&quot;,&quot;sizes&quot;:{&quot;start&quot;:0,&quot;end&quot;:100}},&quot;background_motion_fx_devices&quot;:[&quot;desktop&quot;,&quot;tablet&quot;,&quot;mobile&quot;]}\">\n\t\t\t\t\t\t\t<div class=\"elementor-background-overlay\"><\/div>\n\t\t\t\t\t\t\t<div class=\"elementor-container elementor-column-gap-default\">\n\t\t\t\t\t<div class=\"elementor-column elementor-col-100 elementor-top-column elementor-element elementor-element-248a9412\" data-id=\"248a9412\" data-element_type=\"column\" data-e-type=\"column\">\n\t\t\t<div class=\"elementor-widget-wrap elementor-element-populated\">\n\t\t\t\t\t\t<section class=\"elementor-section elementor-inner-section elementor-element elementor-element-6500716e elementor-section-boxed elementor-section-height-default elementor-section-height-default\" data-id=\"6500716e\" data-element_type=\"section\" data-e-type=\"section\">\n\t\t\t\t\t\t<div class=\"elementor-container elementor-column-gap-default\">\n\t\t\t\t\t<div class=\"elementor-column elementor-col-100 elementor-inner-column elementor-element elementor-element-7a9d4095\" data-id=\"7a9d4095\" data-element_type=\"column\" data-e-type=\"column\">\n\t\t\t<div class=\"elementor-widget-wrap elementor-element-populated\">\n\t\t\t\t\t\t<div class=\"elementor-element elementor-element-3cda9774 elementor-widget elementor-widget-heading\" data-id=\"3cda9774\" data-element_type=\"widget\" data-e-type=\"widget\" data-widget_type=\"heading.default\">\n\t\t\t\t\t<h2 class=\"elementor-heading-title elementor-size-default\">Local Area<br>Shop<\/h2>\t\t\t\t<\/div>\n\t\t\t\t\t<\/div>\n\t\t<\/div>\n\t\t\t\t\t<\/div>\n\t\t<\/section>\n\t\t\t\t\t<\/div>\n\t\t<\/div>\n\t\t\t\t\t<\/div>\n\t\t<\/section>\n\t\t\t\t<section class=\"elementor-section elementor-top-section elementor-element elementor-element-0c08be7 elementor-section-boxed elementor-section-height-default elementor-section-height-default\" data-id=\"0c08be7\" data-element_type=\"section\" data-e-type=\"section\">\n\t\t\t\t\t\t<div class=\"elementor-container elementor-column-gap-default\">\n\t\t\t\t\t<div class=\"elementor-column elementor-col-100 elementor-top-column elementor-element elementor-element-1ff4f94\" data-id=\"1ff4f94\" data-element_type=\"column\" data-e-type=\"column\">\n\t\t\t<div class=\"elementor-widget-wrap elementor-element-populated\">\n\t\t\t\t\t\t<div class=\"elementor-element elementor-element-0673582 elementor-widget elementor-widget-spacer\" data-id=\"0673582\" data-element_type=\"widget\" data-e-type=\"widget\" data-widget_type=\"spacer.default\">\n\t\t\t\t\t\t\t<div class=\"elementor-spacer\">\n\t\t\t<div class=\"elementor-spacer-inner\"><\/div>\n\t\t<\/div>\n\t\t\t\t\t\t<\/div>\n\t\t\t\t\t<\/div>\n\t\t<\/div>\n\t\t\t\t\t<\/div>\n\t\t<\/section>\n\t\t\t\t<section class=\"elementor-section elementor-top-section elementor-element elementor-element-06f8345 elementor-section-boxed elementor-section-height-default elementor-section-height-default\" data-id=\"06f8345\" data-element_type=\"section\" data-e-type=\"section\">\n\t\t\t\t\t\t<div class=\"elementor-container elementor-column-gap-default\">\n\t\t\t\t\t<div class=\"elementor-column elementor-col-100 elementor-top-column elementor-element elementor-element-f75a16c\" data-id=\"f75a16c\" data-element_type=\"column\" data-e-type=\"column\">\n\t\t\t<div class=\"elementor-widget-wrap elementor-element-populated\">\n\t\t\t\t\t\t<div class=\"elementor-element elementor-element-045ba68 elementor-widget elementor-widget-heading\" data-id=\"045ba68\" data-element_type=\"widget\" data-e-type=\"widget\" data-widget_type=\"heading.default\">\n\t\t\t\t\t<h2 class=\"elementor-heading-title elementor-size-default\">In K\u00f3pavogur you can shop at the largest mall in Iceland <\/h2>\t\t\t\t<\/div>\n\t\t\t\t<div class=\"elementor-element elementor-element-5f3cd57 elementor-widget elementor-widget-text-editor\" data-id=\"5f3cd57\" data-element_type=\"widget\" data-e-type=\"widget\" data-widget_type=\"text-editor.default\">\n\t\t\t\t\t\t\t\t\t<p>and shop in various outlet stores.\u00a0<\/p>\t\t\t\t\t\t\t\t<\/div>\n\t\t\t\t<div class=\"elementor-element elementor-element-9fec8af elementor-widget elementor-widget-spacer\" data-id=\"9fec8af\" data-element_type=\"widget\" data-e-type=\"widget\" data-widget_type=\"spacer.default\">\n\t\t\t\t\t\t\t<div class=\"elementor-spacer\">\n\t\t\t<div class=\"elementor-spacer-inner\"><\/div>\n\t\t<\/div>\n\t\t\t\t\t\t<\/div>\n\t\t\t\t<div class=\"elementor-element elementor-element-7484583 elementor-position-left elementor-vertical-align-top elementor-widget elementor-widget-image-box\" data-id=\"7484583\" data-element_type=\"widget\" data-e-type=\"widget\" data-widget_type=\"image-box.default\">\n\t\t\t\t\t<div class=\"elementor-image-box-wrapper\"><figure class=\"elementor-image-box-img\"><a href=\"https:\/\/www.smaralind.is\/\" target=\"_blank\" tabindex=\"-1\"><img fetchpriority=\"high\" decoding=\"async\" width=\"1400\" height=\"935\" src=\"https:\/\/kriunes.is\/wp-content\/uploads\/2021\/06\/smaralind-shopping-center-606107.jpeg\" class=\"attachment-full size-full wp-image-1480\" alt=\"\" srcset=\"https:\/\/kriunes.is\/wp-content\/uploads\/2021\/06\/smaralind-shopping-center-606107.jpeg 1400w, https:\/\/kriunes.is\/wp-content\/uploads\/2021\/06\/smaralind-shopping-center-606107-600x401.jpeg 600w, https:\/\/kriunes.is\/wp-content\/uploads\/2021\/06\/smaralind-shopping-center-606107-300x200.jpeg 300w, https:\/\/kriunes.is\/wp-content\/uploads\/2021\/06\/smaralind-shopping-center-606107-1024x684.jpeg 1024w, https:\/\/kriunes.is\/wp-content\/uploads\/2021\/06\/smaralind-shopping-center-606107-768x513.jpeg 768w\" sizes=\"(max-width: 1400px) 100vw, 1400px\" \/><\/a><\/figure><div class=\"elementor-image-box-content\"><h3 class=\"elementor-image-box-title\"><a href=\"https:\/\/www.smaralind.is\/\" target=\"_blank\">Sm\u00e1ralind<\/a><\/h3><p class=\"elementor-image-box-description\">Sm\u00e1ralind is the largest shopping mall in Iceland. You will find both international and domestic stores which offer a selection of world-renowned labels, restaurants, fastfood and Sm\u00e1rab\u00ed\u00f3 cinema. \n\nSm\u00e1ralind is open from 11 am \u2013 7 pm on weekdays and on Saturdays 11am-6pm and Sundays 12 am \u2013 5 pm. \n<\/p><\/div><\/div>\t\t\t\t<\/div>\n\t\t\t\t<div class=\"elementor-element elementor-element-952e070 elementor-position-left elementor-vertical-align-top elementor-widget elementor-widget-image-box\" data-id=\"952e070\" data-element_type=\"widget\" data-e-type=\"widget\" data-widget_type=\"image-box.default\">\n\t\t\t\t\t<div class=\"elementor-image-box-wrapper\"><figure class=\"elementor-image-box-img\"><a href=\"https:\/\/zo-on.is\/is\" target=\"_blank\" tabindex=\"-1\"><img decoding=\"async\" width=\"275\" height=\"183\" src=\"https:\/\/kriunes.is\/wp-content\/uploads\/2021\/06\/download.jpeg\" class=\"attachment-full size-full wp-image-1478\" alt=\"\" \/><\/a><\/figure><div class=\"elementor-image-box-content\"><h3 class=\"elementor-image-box-title\"><a href=\"https:\/\/zo-on.is\/is\" target=\"_blank\">Zo-On outlet<\/a><\/h3><p class=\"elementor-image-box-description\">Zo-On is an urban outdoor clothing store. Zo-On was created by two avid adventurers and where expired to design outdoor clothes for extreme Icleandic weather conditions.\n\nIn \u00d6gurhvarf Zo-On has an outlet store where you can get good quality outdoor clothes for better price. <\/p><\/div><\/div>\t\t\t\t<\/div>\n\t\t\t\t<div class=\"elementor-element elementor-element-34578a5 elementor-position-left elementor-vertical-align-top elementor-widget elementor-widget-image-box\" data-id=\"34578a5\" data-element_type=\"widget\" data-e-type=\"widget\" data-widget_type=\"image-box.default\">\n\t\t\t\t\t<div class=\"elementor-image-box-wrapper\"><figure class=\"elementor-image-box-img\"><a href=\"https:\/\/www.sportsdirectplc.com\/\" target=\"_blank\" tabindex=\"-1\"><img decoding=\"async\" width=\"259\" height=\"194\" src=\"https:\/\/kriunes.is\/wp-content\/uploads\/2021\/06\/download-1.jpeg\" class=\"attachment-full size-full wp-image-1479\" alt=\"\" \/><\/a><\/figure><div class=\"elementor-image-box-content\"><h3 class=\"elementor-image-box-title\"><a href=\"https:\/\/www.sportsdirectplc.com\/\" target=\"_blank\">SportsDirect<\/a><\/h3><p class=\"elementor-image-box-description\">SportsDirect international is the largest sporting goods retailer in UK. They have a diversified collection of sporting goods for usually good prices. SportsDirect is located in Lindir. <\/p><\/div><\/div>\t\t\t\t<\/div>\n\t\t\t\t\t<\/div>\n\t\t<\/div>\n\t\t\t\t\t<\/div>\n\t\t<\/section>\n\t\t\t\t<\/div>\n\t\t","protected":false},"excerpt":{"rendered":"<p>Local AreaShop In K\u00f3pavogur you can shop at the largest mall in Iceland and shop in various outlet stores.\u00a0 Sm\u00e1ralind Sm\u00e1ralind is the largest shopping mall in Iceland. You will find both international and domestic stores which offer a selection of world-renowned labels, restaurants, fastfood and Sm\u00e1rab\u00ed\u00f3 cinema. Sm\u00e1ralind is open from 11 am \u2013 [&hellip;]<\/p>\n","protected":false},"author":1,"featured_media":0,"parent":0,"menu_order":0,"comment_status":"closed","ping_status":"closed","template":"","meta":{"inline_featured_image":false,"footnotes":""},"class_list":["post-894","page","type-page","status-publish","hentry"],"yoast_head":"<!-- This site is optimized with the Yoast SEO plugin v27.4 - https:\/\/yoast.com\/product\/yoast-seo-wordpress\/ -->\n<title>Local Area - Shop - Kriunes<\/title>\n<meta name=\"robots\" content=\"index, follow, max-snippet:-1, max-image-preview:large, max-video-preview:-1\" \/>\n<link rel=\"canonical\" href=\"https:\/\/kriunes.is\/en\/local-area-shop\/\" \/>\n<meta name=\"twitter:card\" content=\"summary_large_image\" \/>\n<meta name=\"twitter:title\" content=\"Local Area - Shop - Kriunes\" \/>\n<meta name=\"twitter:description\" content=\"Local AreaShop In K\u00f3pavogur you can shop at the largest mall in Iceland and shop in various outlet stores.\u00a0 Sm\u00e1ralind Sm\u00e1ralind is the largest shopping mall in Iceland. You will find both international and domestic stores which offer a selection of world-renowned labels, restaurants, fastfood and Sm\u00e1rab\u00ed\u00f3 cinema. Sm\u00e1ralind is open from 11 am \u2013 [&hellip;]\" \/>\n<meta name=\"twitter:image\" content=\"https:\/\/kriunes.is\/wp-content\/uploads\/2021\/06\/smaralind-shopping-center-606107.jpeg\" \/>\n<meta name=\"twitter:label1\" content=\"Est. reading time\" \/>\n\t<meta name=\"twitter:data1\" content=\"2 minutes\" \/>\n<script type=\"application\/ld+json\" class=\"yoast-schema-graph\">{\"@context\":\"https:\\\/\\\/schema.org\",\"@graph\":[{\"@type\":\"WebPage\",\"@id\":\"https:\\\/\\\/kriunes.is\\\/en\\\/local-area-shop\\\/\",\"url\":\"https:\\\/\\\/kriunes.is\\\/en\\\/local-area-shop\\\/\",\"name\":\"Local Area - Shop - Kriunes\",\"isPartOf\":{\"@id\":\"https:\\\/\\\/kriunes.is\\\/en\\\/#website\"},\"primaryImageOfPage\":{\"@id\":\"https:\\\/\\\/kriunes.is\\\/en\\\/local-area-shop\\\/#primaryimage\"},\"image\":{\"@id\":\"https:\\\/\\\/kriunes.is\\\/en\\\/local-area-shop\\\/#primaryimage\"},\"thumbnailUrl\":\"https:\\\/\\\/kriunes.is\\\/wp-content\\\/uploads\\\/2021\\\/06\\\/smaralind-shopping-center-606107.jpeg\",\"datePublished\":\"2021-05-26T04:18:16+00:00\",\"dateModified\":\"2021-09-21T08:45:53+00:00\",\"breadcrumb\":{\"@id\":\"https:\\\/\\\/kriunes.is\\\/en\\\/local-area-shop\\\/#breadcrumb\"},\"inLanguage\":\"en-US\",\"potentialAction\":[{\"@type\":\"ReadAction\",\"target\":[\"https:\\\/\\\/kriunes.is\\\/en\\\/local-area-shop\\\/\"]}]},{\"@type\":\"ImageObject\",\"inLanguage\":\"en-US\",\"@id\":\"https:\\\/\\\/kriunes.is\\\/en\\\/local-area-shop\\\/#primaryimage\",\"url\":\"https:\\\/\\\/kriunes.is\\\/wp-content\\\/uploads\\\/2021\\\/06\\\/smaralind-shopping-center-606107.jpeg\",\"contentUrl\":\"https:\\\/\\\/kriunes.is\\\/wp-content\\\/uploads\\\/2021\\\/06\\\/smaralind-shopping-center-606107.jpeg\"},{\"@type\":\"BreadcrumbList\",\"@id\":\"https:\\\/\\\/kriunes.is\\\/en\\\/local-area-shop\\\/#breadcrumb\",\"itemListElement\":[{\"@type\":\"ListItem\",\"position\":1,\"name\":\"Home\",\"item\":\"https:\\\/\\\/kriunes.is\\\/en\\\/\"},{\"@type\":\"ListItem\",\"position\":2,\"name\":\"Local Area &#8211; Shop\"}]},{\"@type\":\"WebSite\",\"@id\":\"https:\\\/\\\/kriunes.is\\\/en\\\/#website\",\"url\":\"https:\\\/\\\/kriunes.is\\\/en\\\/\",\"name\":\"Kriunes\",\"description\":\"Iceland\",\"potentialAction\":[{\"@type\":\"SearchAction\",\"target\":{\"@type\":\"EntryPoint\",\"urlTemplate\":\"https:\\\/\\\/kriunes.is\\\/en\\\/?s={search_term_string}\"},\"query-input\":{\"@type\":\"PropertyValueSpecification\",\"valueRequired\":true,\"valueName\":\"search_term_string\"}}],\"inLanguage\":\"en-US\"}]}<\/script>\n<!-- \/ Yoast SEO plugin. -->","yoast_head_json":{"title":"Local Area - Shop - Kriunes","robots":{"index":"index","follow":"follow","max-snippet":"max-snippet:-1","max-image-preview":"max-image-preview:large","max-video-preview":"max-video-preview:-1"},"canonical":"https:\/\/kriunes.is\/en\/local-area-shop\/","twitter_card":"summary_large_image","twitter_title":"Local Area - Shop - Kriunes","twitter_description":"Local AreaShop In K\u00f3pavogur you can shop at the largest mall in Iceland and shop in various outlet stores.\u00a0 Sm\u00e1ralind Sm\u00e1ralind is the largest shopping mall in Iceland. You will find both international and domestic stores which offer a selection of world-renowned labels, restaurants, fastfood and Sm\u00e1rab\u00ed\u00f3 cinema. Sm\u00e1ralind is open from 11 am \u2013 [&hellip;]","twitter_image":"https:\/\/kriunes.is\/wp-content\/uploads\/2021\/06\/smaralind-shopping-center-606107.jpeg","twitter_misc":{"Est. reading time":"2 minutes"},"schema":{"@context":"https:\/\/schema.org","@graph":[{"@type":"WebPage","@id":"https:\/\/kriunes.is\/en\/local-area-shop\/","url":"https:\/\/kriunes.is\/en\/local-area-shop\/","name":"Local Area - Shop - Kriunes","isPartOf":{"@id":"https:\/\/kriunes.is\/en\/#website"},"primaryImageOfPage":{"@id":"https:\/\/kriunes.is\/en\/local-area-shop\/#primaryimage"},"image":{"@id":"https:\/\/kriunes.is\/en\/local-area-shop\/#primaryimage"},"thumbnailUrl":"https:\/\/kriunes.is\/wp-content\/uploads\/2021\/06\/smaralind-shopping-center-606107.jpeg","datePublished":"2021-05-26T04:18:16+00:00","dateModified":"2021-09-21T08:45:53+00:00","breadcrumb":{"@id":"https:\/\/kriunes.is\/en\/local-area-shop\/#breadcrumb"},"inLanguage":"en-US","potentialAction":[{"@type":"ReadAction","target":["https:\/\/kriunes.is\/en\/local-area-shop\/"]}]},{"@type":"ImageObject","inLanguage":"en-US","@id":"https:\/\/kriunes.is\/en\/local-area-shop\/#primaryimage","url":"https:\/\/kriunes.is\/wp-content\/uploads\/2021\/06\/smaralind-shopping-center-606107.jpeg","contentUrl":"https:\/\/kriunes.is\/wp-content\/uploads\/2021\/06\/smaralind-shopping-center-606107.jpeg"},{"@type":"BreadcrumbList","@id":"https:\/\/kriunes.is\/en\/local-area-shop\/#breadcrumb","itemListElement":[{"@type":"ListItem","position":1,"name":"Home","item":"https:\/\/kriunes.is\/en\/"},{"@type":"ListItem","position":2,"name":"Local Area &#8211; Shop"}]},{"@type":"WebSite","@id":"https:\/\/kriunes.is\/en\/#website","url":"https:\/\/kriunes.is\/en\/","name":"Kriunes","description":"Iceland","potentialAction":[{"@type":"SearchAction","target":{"@type":"EntryPoint","urlTemplate":"https:\/\/kriunes.is\/en\/?s={search_term_string}"},"query-input":{"@type":"PropertyValueSpecification","valueRequired":true,"valueName":"search_term_string"}}],"inLanguage":"en-US"}]}},"_links":{"self":[{"href":"https:\/\/kriunes.is\/en\/wp-json\/wp\/v2\/pages\/894","targetHints":{"allow":["GET"]}}],"collection":[{"href":"https:\/\/kriunes.is\/en\/wp-json\/wp\/v2\/pages"}],"about":[{"href":"https:\/\/kriunes.is\/en\/wp-json\/wp\/v2\/types\/page"}],"author":[{"embeddable":true,"href":"https:\/\/kriunes.is\/en\/wp-json\/wp\/v2\/users\/1"}],"replies":[{"embeddable":true,"href":"https:\/\/kriunes.is\/en\/wp-json\/wp\/v2\/comments?post=894"}],"version-history":[{"count":44,"href":"https:\/\/kriunes.is\/en\/wp-json\/wp\/v2\/pages\/894\/revisions"}],"predecessor-version":[{"id":4527,"href":"https:\/\/kriunes.is\/en\/wp-json\/wp\/v2\/pages\/894\/revisions\/4527"}],"wp:attachment":[{"href":"https:\/\/kriunes.is\/en\/wp-json\/wp\/v2\/media?parent=894"}],"curies":[{"name":"wp","href":"https:\/\/api.w.org\/{rel}","templated":true}]}}