{"id":900,"date":"2021-05-26T04:24:51","date_gmt":"2021-05-26T04:24:51","guid":{"rendered":"https:\/\/kriunes.is\/?page_id=900"},"modified":"2023-08-02T18:44:19","modified_gmt":"2023-08-02T18:44:19","slug":"local-area-culture","status":"publish","type":"page","link":"https:\/\/kriunes.is\/en\/local-area-culture\/","title":{"rendered":"Local Area &#8211; Culture"},"content":{"rendered":"\t\t<div data-elementor-type=\"wp-page\" data-elementor-id=\"900\" class=\"elementor elementor-900\" data-elementor-post-type=\"page\">\n\t\t\t\t\t\t<section class=\"elementor-section elementor-top-section elementor-element elementor-element-339d1643 elementor-section-height-min-height elementor-section-boxed elementor-section-height-default elementor-section-items-middle\" data-id=\"339d1643\" data-element_type=\"section\" data-e-type=\"section\" data-settings=\"{&quot;background_background&quot;:&quot;classic&quot;,&quot;background_motion_fx_motion_fx_scrolling&quot;:&quot;yes&quot;,&quot;background_motion_fx_translateY_effect&quot;:&quot;yes&quot;,&quot;background_motion_fx_translateY_speed&quot;:{&quot;unit&quot;:&quot;px&quot;,&quot;size&quot;:4,&quot;sizes&quot;:[]},&quot;background_motion_fx_translateY_affectedRange&quot;:{&quot;unit&quot;:&quot;%&quot;,&quot;size&quot;:&quot;&quot;,&quot;sizes&quot;:{&quot;start&quot;:0,&quot;end&quot;:100}},&quot;background_motion_fx_devices&quot;:[&quot;desktop&quot;,&quot;tablet&quot;,&quot;mobile&quot;]}\">\n\t\t\t\t\t\t\t<div class=\"elementor-background-overlay\"><\/div>\n\t\t\t\t\t\t\t<div class=\"elementor-container elementor-column-gap-default\">\n\t\t\t\t\t<div class=\"elementor-column elementor-col-100 elementor-top-column elementor-element elementor-element-75541e45\" data-id=\"75541e45\" data-element_type=\"column\" data-e-type=\"column\">\n\t\t\t<div class=\"elementor-widget-wrap elementor-element-populated\">\n\t\t\t\t\t\t<section class=\"elementor-section elementor-inner-section elementor-element elementor-element-45f9c109 elementor-section-boxed elementor-section-height-default elementor-section-height-default\" data-id=\"45f9c109\" data-element_type=\"section\" data-e-type=\"section\">\n\t\t\t\t\t\t<div class=\"elementor-container elementor-column-gap-default\">\n\t\t\t\t\t<div class=\"elementor-column elementor-col-100 elementor-inner-column elementor-element elementor-element-1ee50c88\" data-id=\"1ee50c88\" data-element_type=\"column\" data-e-type=\"column\">\n\t\t\t<div class=\"elementor-widget-wrap elementor-element-populated\">\n\t\t\t\t\t\t<div class=\"elementor-element elementor-element-6588d351 elementor-widget elementor-widget-heading\" data-id=\"6588d351\" data-element_type=\"widget\" data-e-type=\"widget\" data-widget_type=\"heading.default\">\n\t\t\t\t\t<h2 class=\"elementor-heading-title elementor-size-default\">Culture<\/h2>\t\t\t\t<\/div>\n\t\t\t\t\t<\/div>\n\t\t<\/div>\n\t\t\t\t\t<\/div>\n\t\t<\/section>\n\t\t\t\t\t<\/div>\n\t\t<\/div>\n\t\t\t\t\t<\/div>\n\t\t<\/section>\n\t\t\t\t<section class=\"elementor-section elementor-top-section elementor-element elementor-element-06387e8 elementor-section-boxed elementor-section-height-default elementor-section-height-default\" data-id=\"06387e8\" data-element_type=\"section\" data-e-type=\"section\">\n\t\t\t\t\t\t<div class=\"elementor-container elementor-column-gap-default\">\n\t\t\t\t\t<div class=\"elementor-column elementor-col-100 elementor-top-column elementor-element elementor-element-e00f9f3\" data-id=\"e00f9f3\" data-element_type=\"column\" data-e-type=\"column\">\n\t\t\t<div class=\"elementor-widget-wrap elementor-element-populated\">\n\t\t\t\t\t\t<div class=\"elementor-element elementor-element-1f5575f elementor-widget elementor-widget-spacer\" data-id=\"1f5575f\" data-element_type=\"widget\" data-e-type=\"widget\" data-widget_type=\"spacer.default\">\n\t\t\t\t\t\t\t<div class=\"elementor-spacer\">\n\t\t\t<div class=\"elementor-spacer-inner\"><\/div>\n\t\t<\/div>\n\t\t\t\t\t\t<\/div>\n\t\t\t\t\t<\/div>\n\t\t<\/div>\n\t\t\t\t\t<\/div>\n\t\t<\/section>\n\t\t\t\t<section class=\"elementor-section elementor-top-section elementor-element elementor-element-5102437 elementor-section-boxed elementor-section-height-default elementor-section-height-default\" data-id=\"5102437\" data-element_type=\"section\" data-e-type=\"section\">\n\t\t\t\t\t\t<div class=\"elementor-container elementor-column-gap-default\">\n\t\t\t\t\t<div class=\"elementor-column elementor-col-100 elementor-top-column elementor-element elementor-element-ffc0a79\" data-id=\"ffc0a79\" data-element_type=\"column\" data-e-type=\"column\">\n\t\t\t<div class=\"elementor-widget-wrap elementor-element-populated\">\n\t\t\t\t\t\t<div class=\"elementor-element elementor-element-6b4d9a55 elementor-widget elementor-widget-heading\" data-id=\"6b4d9a55\" data-element_type=\"widget\" data-e-type=\"widget\" data-widget_type=\"heading.default\">\n\t\t\t\t\t<h2 class=\"elementor-heading-title elementor-size-default\">K\u00f3pavogur is diverse and there you can find mostly everything that Reykjav\u00edk has to offer and more. <\/h2>\t\t\t\t<\/div>\n\t\t\t\t<div class=\"elementor-element elementor-element-474800b8 elementor-widget elementor-widget-text-editor\" data-id=\"474800b8\" data-element_type=\"widget\" data-e-type=\"widget\" data-widget_type=\"text-editor.default\">\n\t\t\t\t\t\t\t\t\t<p>K\u00f3pavogur is the largest municipality outside Reykjav\u00edk, where you can enjoy both town and nature.<\/p>\t\t\t\t\t\t\t\t<\/div>\n\t\t\t\t<div class=\"elementor-element elementor-element-36bab80 elementor-widget elementor-widget-spacer\" data-id=\"36bab80\" data-element_type=\"widget\" data-e-type=\"widget\" data-widget_type=\"spacer.default\">\n\t\t\t\t\t\t\t<div class=\"elementor-spacer\">\n\t\t\t<div class=\"elementor-spacer-inner\"><\/div>\n\t\t<\/div>\n\t\t\t\t\t\t<\/div>\n\t\t\t\t<div class=\"elementor-element elementor-element-608a48e elementor-position-left elementor-vertical-align-top elementor-widget elementor-widget-image-box\" data-id=\"608a48e\" data-element_type=\"widget\" data-e-type=\"widget\" data-widget_type=\"image-box.default\">\n\t\t\t\t\t<div class=\"elementor-image-box-wrapper\"><figure class=\"elementor-image-box-img\"><a href=\"https:\/\/gerdarsafn.kopavogur.is\/\" target=\"_blank\" tabindex=\"-1\"><img fetchpriority=\"high\" decoding=\"async\" width=\"432\" height=\"244\" src=\"https:\/\/kriunes.is\/wp-content\/uploads\/2021\/06\/location_landscape.jpeg\" class=\"attachment-full size-full wp-image-1498\" alt=\"\" srcset=\"https:\/\/kriunes.is\/wp-content\/uploads\/2021\/06\/location_landscape.jpeg 432w, https:\/\/kriunes.is\/wp-content\/uploads\/2021\/06\/location_landscape-300x169.jpeg 300w\" sizes=\"(max-width: 432px) 100vw, 432px\" \/><\/a><\/figure><div class=\"elementor-image-box-content\"><h3 class=\"elementor-image-box-title\"><a href=\"https:\/\/gerdarsafn.kopavogur.is\/\" target=\"_blank\">Art museum - Ger\u00f0arsafn<\/a><\/h3><p class=\"elementor-image-box-description\">Ger\u00f0arsafn is a museum with modern and contemporary art. Ger\u00f0arsafn offers temporary exhibitions of works by Icelandic and international contemporary artists. <\/p><b>Opening hours:<\/p> Everyday from 10 am \u2013 5 pm.<\/p><\/div><\/div>\t\t\t\t<\/div>\n\t\t\t\t<div class=\"elementor-element elementor-element-1002619 elementor-position-left elementor-vertical-align-top elementor-widget elementor-widget-image-box\" data-id=\"1002619\" data-element_type=\"widget\" data-e-type=\"widget\" data-widget_type=\"image-box.default\">\n\t\t\t\t\t<div class=\"elementor-image-box-wrapper\"><figure class=\"elementor-image-box-img\"><a href=\"https:\/\/app.arbaejarsafn.is\/#\" target=\"_blank\" tabindex=\"-1\"><img decoding=\"async\" width=\"1024\" height=\"681\" src=\"https:\/\/kriunes.is\/wp-content\/uploads\/2021\/09\/Habaer_og_smidshus-e1632215175829.jpeg\" class=\"attachment-full size-full wp-image-3861\" alt=\"arbaejarsafn\" \/><\/a><\/figure><div class=\"elementor-image-box-content\"><h3 class=\"elementor-image-box-title\"><a href=\"https:\/\/app.arbaejarsafn.is\/#\" target=\"_blank\">Open air museum - \u00c1rb\u00e6jarsafn<\/a><\/h3><p class=\"elementor-image-box-description\">\u00c1rb\u00e6r offers a unique experience where guests have the opportunity to go back in time and experience the lifestyle and how life was in Reykjav\u00edk in the past.<\/p>\n<\/p><b>Opening hours: <\/p>Winter: September - May:  1pm -5pm <\/p> Summer: June - August: 10am - 5pm<\/p><\/div><\/div>\t\t\t\t<\/div>\n\t\t\t\t\t<\/div>\n\t\t<\/div>\n\t\t\t\t\t<\/div>\n\t\t<\/section>\n\t\t\t\t<\/div>\n\t\t","protected":false},"excerpt":{"rendered":"<p>Culture K\u00f3pavogur is diverse and there you can find mostly everything that Reykjav\u00edk has to offer and more. K\u00f3pavogur is the largest municipality outside Reykjav\u00edk, where you can enjoy both town and nature. Art museum &#8211; Ger\u00f0arsafn Ger\u00f0arsafn is a museum with modern and contemporary art. Ger\u00f0arsafn offers temporary exhibitions of works by Icelandic and [&hellip;]<\/p>\n","protected":false},"author":1,"featured_media":0,"parent":0,"menu_order":0,"comment_status":"closed","ping_status":"closed","template":"","meta":{"inline_featured_image":false,"footnotes":""},"class_list":["post-900","page","type-page","status-publish","hentry"],"yoast_head":"<!-- This site is optimized with the Yoast SEO plugin v27.4 - https:\/\/yoast.com\/product\/yoast-seo-wordpress\/ -->\n<title>Local Area - Culture - Kriunes<\/title>\n<meta name=\"robots\" content=\"index, follow, max-snippet:-1, max-image-preview:large, max-video-preview:-1\" \/>\n<link rel=\"canonical\" href=\"https:\/\/kriunes.is\/en\/local-area-culture\/\" \/>\n<meta name=\"twitter:card\" content=\"summary_large_image\" \/>\n<meta name=\"twitter:title\" content=\"Local Area - Culture - Kriunes\" \/>\n<meta name=\"twitter:description\" content=\"Culture K\u00f3pavogur is diverse and there you can find mostly everything that Reykjav\u00edk has to offer and more. K\u00f3pavogur is the largest municipality outside Reykjav\u00edk, where you can enjoy both town and nature. Art museum &#8211; Ger\u00f0arsafn Ger\u00f0arsafn is a museum with modern and contemporary art. Ger\u00f0arsafn offers temporary exhibitions of works by Icelandic and [&hellip;]\" \/>\n<meta name=\"twitter:image\" content=\"https:\/\/kriunes.is\/wp-content\/uploads\/2021\/06\/location_landscape.jpeg\" \/>\n<meta name=\"twitter:label1\" content=\"Est. reading time\" \/>\n\t<meta name=\"twitter:data1\" content=\"1 minute\" \/>\n<script type=\"application\/ld+json\" class=\"yoast-schema-graph\">{\"@context\":\"https:\\\/\\\/schema.org\",\"@graph\":[{\"@type\":\"WebPage\",\"@id\":\"https:\\\/\\\/kriunes.is\\\/en\\\/local-area-culture\\\/\",\"url\":\"https:\\\/\\\/kriunes.is\\\/en\\\/local-area-culture\\\/\",\"name\":\"Local Area - Culture - Kriunes\",\"isPartOf\":{\"@id\":\"https:\\\/\\\/kriunes.is\\\/en\\\/#website\"},\"primaryImageOfPage\":{\"@id\":\"https:\\\/\\\/kriunes.is\\\/en\\\/local-area-culture\\\/#primaryimage\"},\"image\":{\"@id\":\"https:\\\/\\\/kriunes.is\\\/en\\\/local-area-culture\\\/#primaryimage\"},\"thumbnailUrl\":\"https:\\\/\\\/kriunes.is\\\/wp-content\\\/uploads\\\/2021\\\/06\\\/location_landscape.jpeg\",\"datePublished\":\"2021-05-26T04:24:51+00:00\",\"dateModified\":\"2023-08-02T18:44:19+00:00\",\"breadcrumb\":{\"@id\":\"https:\\\/\\\/kriunes.is\\\/en\\\/local-area-culture\\\/#breadcrumb\"},\"inLanguage\":\"en-US\",\"potentialAction\":[{\"@type\":\"ReadAction\",\"target\":[\"https:\\\/\\\/kriunes.is\\\/en\\\/local-area-culture\\\/\"]}]},{\"@type\":\"ImageObject\",\"inLanguage\":\"en-US\",\"@id\":\"https:\\\/\\\/kriunes.is\\\/en\\\/local-area-culture\\\/#primaryimage\",\"url\":\"https:\\\/\\\/kriunes.is\\\/wp-content\\\/uploads\\\/2021\\\/06\\\/location_landscape.jpeg\",\"contentUrl\":\"https:\\\/\\\/kriunes.is\\\/wp-content\\\/uploads\\\/2021\\\/06\\\/location_landscape.jpeg\"},{\"@type\":\"BreadcrumbList\",\"@id\":\"https:\\\/\\\/kriunes.is\\\/en\\\/local-area-culture\\\/#breadcrumb\",\"itemListElement\":[{\"@type\":\"ListItem\",\"position\":1,\"name\":\"Home\",\"item\":\"https:\\\/\\\/kriunes.is\\\/en\\\/\"},{\"@type\":\"ListItem\",\"position\":2,\"name\":\"Local Area &#8211; Culture\"}]},{\"@type\":\"WebSite\",\"@id\":\"https:\\\/\\\/kriunes.is\\\/en\\\/#website\",\"url\":\"https:\\\/\\\/kriunes.is\\\/en\\\/\",\"name\":\"Kriunes\",\"description\":\"Iceland\",\"potentialAction\":[{\"@type\":\"SearchAction\",\"target\":{\"@type\":\"EntryPoint\",\"urlTemplate\":\"https:\\\/\\\/kriunes.is\\\/en\\\/?s={search_term_string}\"},\"query-input\":{\"@type\":\"PropertyValueSpecification\",\"valueRequired\":true,\"valueName\":\"search_term_string\"}}],\"inLanguage\":\"en-US\"}]}<\/script>\n<!-- \/ Yoast SEO plugin. -->","yoast_head_json":{"title":"Local Area - Culture - Kriunes","robots":{"index":"index","follow":"follow","max-snippet":"max-snippet:-1","max-image-preview":"max-image-preview:large","max-video-preview":"max-video-preview:-1"},"canonical":"https:\/\/kriunes.is\/en\/local-area-culture\/","twitter_card":"summary_large_image","twitter_title":"Local Area - Culture - Kriunes","twitter_description":"Culture K\u00f3pavogur is diverse and there you can find mostly everything that Reykjav\u00edk has to offer and more. K\u00f3pavogur is the largest municipality outside Reykjav\u00edk, where you can enjoy both town and nature. Art museum &#8211; Ger\u00f0arsafn Ger\u00f0arsafn is a museum with modern and contemporary art. Ger\u00f0arsafn offers temporary exhibitions of works by Icelandic and [&hellip;]","twitter_image":"https:\/\/kriunes.is\/wp-content\/uploads\/2021\/06\/location_landscape.jpeg","twitter_misc":{"Est. reading time":"1 minute"},"schema":{"@context":"https:\/\/schema.org","@graph":[{"@type":"WebPage","@id":"https:\/\/kriunes.is\/en\/local-area-culture\/","url":"https:\/\/kriunes.is\/en\/local-area-culture\/","name":"Local Area - Culture - Kriunes","isPartOf":{"@id":"https:\/\/kriunes.is\/en\/#website"},"primaryImageOfPage":{"@id":"https:\/\/kriunes.is\/en\/local-area-culture\/#primaryimage"},"image":{"@id":"https:\/\/kriunes.is\/en\/local-area-culture\/#primaryimage"},"thumbnailUrl":"https:\/\/kriunes.is\/wp-content\/uploads\/2021\/06\/location_landscape.jpeg","datePublished":"2021-05-26T04:24:51+00:00","dateModified":"2023-08-02T18:44:19+00:00","breadcrumb":{"@id":"https:\/\/kriunes.is\/en\/local-area-culture\/#breadcrumb"},"inLanguage":"en-US","potentialAction":[{"@type":"ReadAction","target":["https:\/\/kriunes.is\/en\/local-area-culture\/"]}]},{"@type":"ImageObject","inLanguage":"en-US","@id":"https:\/\/kriunes.is\/en\/local-area-culture\/#primaryimage","url":"https:\/\/kriunes.is\/wp-content\/uploads\/2021\/06\/location_landscape.jpeg","contentUrl":"https:\/\/kriunes.is\/wp-content\/uploads\/2021\/06\/location_landscape.jpeg"},{"@type":"BreadcrumbList","@id":"https:\/\/kriunes.is\/en\/local-area-culture\/#breadcrumb","itemListElement":[{"@type":"ListItem","position":1,"name":"Home","item":"https:\/\/kriunes.is\/en\/"},{"@type":"ListItem","position":2,"name":"Local Area &#8211; Culture"}]},{"@type":"WebSite","@id":"https:\/\/kriunes.is\/en\/#website","url":"https:\/\/kriunes.is\/en\/","name":"Kriunes","description":"Iceland","potentialAction":[{"@type":"SearchAction","target":{"@type":"EntryPoint","urlTemplate":"https:\/\/kriunes.is\/en\/?s={search_term_string}"},"query-input":{"@type":"PropertyValueSpecification","valueRequired":true,"valueName":"search_term_string"}}],"inLanguage":"en-US"}]}},"_links":{"self":[{"href":"https:\/\/kriunes.is\/en\/wp-json\/wp\/v2\/pages\/900","targetHints":{"allow":["GET"]}}],"collection":[{"href":"https:\/\/kriunes.is\/en\/wp-json\/wp\/v2\/pages"}],"about":[{"href":"https:\/\/kriunes.is\/en\/wp-json\/wp\/v2\/types\/page"}],"author":[{"embeddable":true,"href":"https:\/\/kriunes.is\/en\/wp-json\/wp\/v2\/users\/1"}],"replies":[{"embeddable":true,"href":"https:\/\/kriunes.is\/en\/wp-json\/wp\/v2\/comments?post=900"}],"version-history":[{"count":43,"href":"https:\/\/kriunes.is\/en\/wp-json\/wp\/v2\/pages\/900\/revisions"}],"predecessor-version":[{"id":5657,"href":"https:\/\/kriunes.is\/en\/wp-json\/wp\/v2\/pages\/900\/revisions\/5657"}],"wp:attachment":[{"href":"https:\/\/kriunes.is\/en\/wp-json\/wp\/v2\/media?parent=900"}],"curies":[{"name":"wp","href":"https:\/\/api.w.org\/{rel}","templated":true}]}}