{"id":6446,"date":"2024-10-22T01:45:11","date_gmt":"2024-10-22T01:45:11","guid":{"rendered":"https:\/\/kriunes.is\/product\/murder-mystery-test\/"},"modified":"2024-10-22T01:45:11","modified_gmt":"2024-10-22T01:45:11","slug":"murder-mystery-test","status":"publish","type":"product","link":"https:\/\/kriunes.is\/en\/product\/murder-mystery-test\/","title":{"rendered":"Murder Mystery &#8211; Test"},"content":{"rendered":"","protected":false},"excerpt":{"rendered":"<h2 class=\"x11i5rnm xat24cr x1mh8g0r x1vvkbs xtlvy1s\">Hrekkjarv\u00f6kumor\u00f0g\u00e1ta og 3 r\u00e9tta m\u00e1lt\u00ed\u00f0<\/h2>\n<h4 class=\"x11i5rnm xat24cr x1mh8g0r x1vvkbs xtlvy1s\"><strong>Drak\u00fala er 500 \u00e1ra og \u00fe\u00e9r er bo\u00f0i\u00f0 \u00ed kyngimagna\u00f0 kv\u00f6ld \u00fear sem einn karakter mun vera drepinn. Hver er mor\u00f0inginn?<\/strong><\/h4>\n<div class=\"x11i5rnm xat24cr x1mh8g0r x1vvkbs xtlvy1s\">31.okt\u00f3ber (ensku) og 1.n\u00f3vember (\u00edslensku)<br class=\"html-br\" \/>18:00-22:00 \u00e1 H\u00f3tel Kr\u00edunesi<br class=\"html-br\" \/>Ver\u00f0laun fyrir besta b\u00faninginn.<br class=\"html-br\" \/>Aldurstakmark: 20<\/div>\n<div class=\"x11i5rnm xat24cr x1mh8g0r x1vvkbs xtlvy1s\">A\u00f0eins 20 mi\u00f0ar svo fyrstur kemur, fyrstur f\u00e6r.<br class=\"html-br\" \/><a class=\"x1i10hfl xjbqb8w x1ejq31n xd10rxx x1sy0etr x17r0tee x972fbf xcfux6l x1qhh985 xm0m39n x9f619 x1ypdohk xt0psk2 xe8uvvx xdj266r x11i5rnm xat24cr x1mh8g0r xexx8yu x4uap5 x18d9i69 xkhd6sd x16tdsg8 x1hl2dhg xggy1nq x1a2a7pz x1sur9pj xkrqix3 x1fey0fg x1s688f\" tabindex=\"0\" role=\"link\" href=\"https:\/\/l.facebook.com\/l.php?u=https%3A%2F%2Fkriunes.is%2Fvara%2Fhalloween-murder-mystery%2F%3Ffbclid%3DIwZXh0bgNhZW0CMTAAAR2FaNPiPq58wpWXhrThvFoRBI2apjB3Q5sTTAY8_gJiY8tnQlnTXuyP8Ok_aem_Ox91Gi6MRIcl6tac08TDwg&amp;h=AT0l3laTkuyog5Rb2A6ZY2u-eQZe9H2tO6Vj6F9gEa3g1rKM6fbxvI52pvFJfXmHB52znkj0biEa1UsWX1GpxTVRMVaT75oQ5GVdV8xWuuLfvRTCGaQl6_pjGw5a33eYlOZGeg&amp;__tn__=q&amp;c[0]=AT3TaLFtIG1k3OXEsNzm2ZyK6BQgvoPMJQeaUP5xjOJIiQmJymBZz0h9O8O9vA-l-MAp17IUbCoOYaA65nXGVcAnOpqo9XKVOXYvhtoYR-QLOwNE2Ye_ccClLMekxBW5oxDWBIMC-oX3461A6JPHlyOo5RJqpxXCCS-11Q\" target=\"_blank\" rel=\"nofollow noopener noreferrer\">https:\/\/kriunes.is\/vara\/halloween-murder-mystery\/<\/a><\/div>\n<div class=\"x11i5rnm xat24cr x1mh8g0r x1vvkbs xtlvy1s\">\n<p>Ath. 15 manns ver\u00f0a a\u00f0 taka \u00fe\u00e1tt, annars f\u00e1i\u00f0 \u00fei\u00f0 endurgreitt.<\/p>\n<\/div>\n","protected":false},"author":1,"featured_media":0,"comment_status":"open","ping_status":"closed","template":"","meta":{"inline_featured_image":false},"product_brand":[],"product_cat":[69],"product_tag":[],"class_list":{"0":"post-6446","1":"product","2":"type-product","3":"status-publish","5":"product_cat-tickets","7":"first","8":"instock","9":"shipping-taxable","10":"purchasable","11":"product-type-variable"},"yoast_head":"<!-- This site is optimized with the Yoast SEO plugin v27.4 - https:\/\/yoast.com\/product\/yoast-seo-wordpress\/ -->\n<title>Murder Mystery - Test - Kriunes<\/title>\n<meta name=\"robots\" content=\"index, follow, max-snippet:-1, max-image-preview:large, max-video-preview:-1\" \/>\n<link rel=\"canonical\" href=\"https:\/\/kriunes.is\/en\/product\/murder-mystery-test\/\" \/>\n<meta name=\"twitter:card\" content=\"summary_large_image\" \/>\n<meta name=\"twitter:title\" content=\"Murder Mystery - Test - Kriunes\" \/>\n<meta name=\"twitter:description\" content=\"Hrekkjarv\u00f6kumor\u00f0g\u00e1ta og 3 r\u00e9tta m\u00e1lt\u00ed\u00f0 Drak\u00fala er 500 \u00e1ra og \u00fe\u00e9r er bo\u00f0i\u00f0 \u00ed kyngimagna\u00f0 kv\u00f6ld \u00fear sem einn karakter mun vera drepinn. Hver er mor\u00f0inginn? 31.okt\u00f3ber (ensku) og 1.n\u00f3vember (\u00edslensku)18:00-22:00 \u00e1 H\u00f3tel Kr\u00edunesiVer\u00f0laun fyrir besta b\u00faninginn.Aldurstakmark: 20 A\u00f0eins 20 mi\u00f0ar svo fyrstur kemur, fyrstur f\u00e6r.https:\/\/kriunes.is\/vara\/halloween-murder-mystery\/  Ath. 15 manns ver\u00f0a a\u00f0 taka \u00fe\u00e1tt, annars f\u00e1i\u00f0 \u00fei\u00f0 endurgreitt.\" \/>\n<script type=\"application\/ld+json\" class=\"yoast-schema-graph\">{\"@context\":\"https:\\\/\\\/schema.org\",\"@graph\":[{\"@type\":\"WebPage\",\"@id\":\"https:\\\/\\\/kriunes.is\\\/en\\\/product\\\/murder-mystery-test\\\/\",\"url\":\"https:\\\/\\\/kriunes.is\\\/en\\\/product\\\/murder-mystery-test\\\/\",\"name\":\"Murder Mystery - Test - Kriunes\",\"isPartOf\":{\"@id\":\"https:\\\/\\\/kriunes.is\\\/en\\\/#website\"},\"datePublished\":\"2024-10-22T01:45:11+00:00\",\"breadcrumb\":{\"@id\":\"https:\\\/\\\/kriunes.is\\\/en\\\/product\\\/murder-mystery-test\\\/#breadcrumb\"},\"inLanguage\":\"en-US\",\"potentialAction\":[{\"@type\":\"ReadAction\",\"target\":[\"https:\\\/\\\/kriunes.is\\\/en\\\/product\\\/murder-mystery-test\\\/\"]}]},{\"@type\":\"BreadcrumbList\",\"@id\":\"https:\\\/\\\/kriunes.is\\\/en\\\/product\\\/murder-mystery-test\\\/#breadcrumb\",\"itemListElement\":[{\"@type\":\"ListItem\",\"position\":1,\"name\":\"Home\",\"item\":\"https:\\\/\\\/kriunes.is\\\/en\\\/\"},{\"@type\":\"ListItem\",\"position\":2,\"name\":\"Shop\",\"item\":\"https:\\\/\\\/kriunes.is\\\/shop\\\/\"},{\"@type\":\"ListItem\",\"position\":3,\"name\":\"Murder Mystery &#8211; Test\"}]},{\"@type\":\"WebSite\",\"@id\":\"https:\\\/\\\/kriunes.is\\\/en\\\/#website\",\"url\":\"https:\\\/\\\/kriunes.is\\\/en\\\/\",\"name\":\"Kriunes\",\"description\":\"Iceland\",\"potentialAction\":[{\"@type\":\"SearchAction\",\"target\":{\"@type\":\"EntryPoint\",\"urlTemplate\":\"https:\\\/\\\/kriunes.is\\\/en\\\/?s={search_term_string}\"},\"query-input\":{\"@type\":\"PropertyValueSpecification\",\"valueRequired\":true,\"valueName\":\"search_term_string\"}}],\"inLanguage\":\"en-US\"}]}<\/script>\n<!-- \/ Yoast SEO plugin. -->","yoast_head_json":{"title":"Murder Mystery - Test - Kriunes","robots":{"index":"index","follow":"follow","max-snippet":"max-snippet:-1","max-image-preview":"max-image-preview:large","max-video-preview":"max-video-preview:-1"},"canonical":"https:\/\/kriunes.is\/en\/product\/murder-mystery-test\/","twitter_card":"summary_large_image","twitter_title":"Murder Mystery - Test - Kriunes","twitter_description":"Hrekkjarv\u00f6kumor\u00f0g\u00e1ta og 3 r\u00e9tta m\u00e1lt\u00ed\u00f0 Drak\u00fala er 500 \u00e1ra og \u00fe\u00e9r er bo\u00f0i\u00f0 \u00ed kyngimagna\u00f0 kv\u00f6ld \u00fear sem einn karakter mun vera drepinn. Hver er mor\u00f0inginn? 31.okt\u00f3ber (ensku) og 1.n\u00f3vember (\u00edslensku)18:00-22:00 \u00e1 H\u00f3tel Kr\u00edunesiVer\u00f0laun fyrir besta b\u00faninginn.Aldurstakmark: 20 A\u00f0eins 20 mi\u00f0ar svo fyrstur kemur, fyrstur f\u00e6r.https:\/\/kriunes.is\/vara\/halloween-murder-mystery\/  Ath. 15 manns ver\u00f0a a\u00f0 taka \u00fe\u00e1tt, annars f\u00e1i\u00f0 \u00fei\u00f0 endurgreitt.","schema":{"@context":"https:\/\/schema.org","@graph":[{"@type":"WebPage","@id":"https:\/\/kriunes.is\/en\/product\/murder-mystery-test\/","url":"https:\/\/kriunes.is\/en\/product\/murder-mystery-test\/","name":"Murder Mystery - Test - Kriunes","isPartOf":{"@id":"https:\/\/kriunes.is\/en\/#website"},"datePublished":"2024-10-22T01:45:11+00:00","breadcrumb":{"@id":"https:\/\/kriunes.is\/en\/product\/murder-mystery-test\/#breadcrumb"},"inLanguage":"en-US","potentialAction":[{"@type":"ReadAction","target":["https:\/\/kriunes.is\/en\/product\/murder-mystery-test\/"]}]},{"@type":"BreadcrumbList","@id":"https:\/\/kriunes.is\/en\/product\/murder-mystery-test\/#breadcrumb","itemListElement":[{"@type":"ListItem","position":1,"name":"Home","item":"https:\/\/kriunes.is\/en\/"},{"@type":"ListItem","position":2,"name":"Shop","item":"https:\/\/kriunes.is\/shop\/"},{"@type":"ListItem","position":3,"name":"Murder Mystery &#8211; Test"}]},{"@type":"WebSite","@id":"https:\/\/kriunes.is\/en\/#website","url":"https:\/\/kriunes.is\/en\/","name":"Kriunes","description":"Iceland","potentialAction":[{"@type":"SearchAction","target":{"@type":"EntryPoint","urlTemplate":"https:\/\/kriunes.is\/en\/?s={search_term_string}"},"query-input":{"@type":"PropertyValueSpecification","valueRequired":true,"valueName":"search_term_string"}}],"inLanguage":"en-US"}]}},"_links":{"self":[{"href":"https:\/\/kriunes.is\/en\/wp-json\/wp\/v2\/product\/6446","targetHints":{"allow":["GET"]}}],"collection":[{"href":"https:\/\/kriunes.is\/en\/wp-json\/wp\/v2\/product"}],"about":[{"href":"https:\/\/kriunes.is\/en\/wp-json\/wp\/v2\/types\/product"}],"author":[{"embeddable":true,"href":"https:\/\/kriunes.is\/en\/wp-json\/wp\/v2\/users\/1"}],"replies":[{"embeddable":true,"href":"https:\/\/kriunes.is\/en\/wp-json\/wp\/v2\/comments?post=6446"}],"wp:attachment":[{"href":"https:\/\/kriunes.is\/en\/wp-json\/wp\/v2\/media?parent=6446"}],"wp:term":[{"taxonomy":"product_brand","embeddable":true,"href":"https:\/\/kriunes.is\/en\/wp-json\/wp\/v2\/product_brand?post=6446"},{"taxonomy":"product_cat","embeddable":true,"href":"https:\/\/kriunes.is\/en\/wp-json\/wp\/v2\/product_cat?post=6446"},{"taxonomy":"product_tag","embeddable":true,"href":"https:\/\/kriunes.is\/en\/wp-json\/wp\/v2\/product_tag?post=6446"}],"curies":[{"name":"wp","href":"https:\/\/api.w.org\/{rel}","templated":true}]}}